{"id":10,"date":"2024-10-16T16:02:25","date_gmt":"2024-10-16T16:02:25","guid":{"rendered":"http:\/\/agapovarita.com\/?page_id=10"},"modified":"2024-12-04T09:17:44","modified_gmt":"2024-12-04T09:17:44","slug":"pirkimo-puslapyje-taisykles","status":"publish","type":"page","link":"https:\/\/agapovarita.com\/ru\/pirkimo-puslapyje-taisykles\/","title":{"rendered":"\u041f\u043e\u043a\u0443\u043f\u043a\u0438 \u043d\u0430 \u0441\u0442\u0440\u0430\u043d\u0438\u0446\u0435 \u043f\u0440\u0430\u0432\u0438\u043b\u0430"},"content":{"rendered":"<div data-elementor-type=\"wp-page\" data-elementor-id=\"10\" class=\"elementor elementor-10\">\n\t\t\t\t<div class=\"elementor-element elementor-element-cd117a e-flex e-con-boxed wpr-particle-no wpr-jarallax-no wpr-parallax-no wpr-sticky-section-no e-con e-parent\" data-id=\"cd117a\" data-element_type=\"container\">\n\t\t\t\t\t<div class=\"e-con-inner\">\n\t\t\t\t<div class=\"elementor-element elementor-element-8df4b4d elementor-widget__width-inherit elementor-widget elementor-widget-heading\" data-id=\"8df4b4d\" data-element_type=\"widget\" data-widget_type=\"heading.default\">\n\t\t\t\t<div class=\"elementor-widget-container\">\n\t\t\t\t\t<h2 class=\"elementor-heading-title elementor-size-default\">\u041f\u043e\u043a\u0443\u043f\u043a\u0438 \u043d\u0430 \u0441\u0442\u0440\u0430\u043d\u0438\u0446\u0435 \u043f\u0440\u0430\u0432\u0438\u043b\u0430<\/h2>\t\t\t\t<\/div>\n\t\t\t\t<\/div>\n\t\t\t\t<div class=\"elementor-element elementor-element-c6a8f85 elementor-widget elementor-widget-text-editor\" data-id=\"c6a8f85\" data-element_type=\"widget\" data-widget_type=\"text-editor.default\">\n\t\t\t\t<div class=\"elementor-widget-container\">\n\t\t\t\t\t\t\t\t\t<p><\/p>\n<p><strong>1.0 \u0412\u0432\u0435\u0434\u0435\u043d\u0438\u0435<\/strong><\/p>\n<p><\/p>\n<p>\u0412 \u0434\u0430\u043d\u043d\u044b\u0445 \u0443\u0441\u043b\u043e\u0432\u0438\u044f\u0445 \u0438\u0437\u043b\u043e\u0436\u0435\u043d\u044b \u043f\u043e\u043b\u043e\u0436\u0435\u043d\u0438\u044f, \u0440\u0435\u0433\u0443\u043b\u0438\u0440\u0443\u044e\u0449\u0438\u0435 \u043e\u0442\u043d\u043e\u0448\u0435\u043d\u0438\u044f \u043c\u0435\u0436\u0434\u0443 \u0432\u0430\u043c\u0438, \u043a\u043b\u0438\u0435\u043d\u0442\u043e\u043c, \u0438 \u0420\u0438\u0442\u043e\u0439 \u0410\u0433\u0430\u043f\u043e\u0432\u043e\u0439 (\u0434\u0430\u043b\u0435\u0435 \u2014 \u00ab\u043c\u044b\u00bb), \u043a\u0430\u0441\u0430\u044e\u0449\u0438\u0435\u0441\u044f \u0438\u0441\u043f\u043e\u043b\u044c\u0437\u043e\u0432\u0430\u043d\u0438\u044f \u043d\u0430\u0448\u0435\u0433\u043e \u0432\u0435\u0431-\u0441\u0430\u0439\u0442\u0430 \u0438 \u043d\u0430\u0448\u0438\u0445 \u0446\u0438\u0444\u0440\u043e\u0432\u044b\u0445 \u0437\u0430\u043f\u0438\u0441\u0435\u0439 \u0434\u043b\u044f \u0441\u043a\u0430\u0447\u0438\u0432\u0430\u043d\u0438\u044f, \u0430 \u0442\u0430\u043a\u0436\u0435 \u0446\u0438\u0444\u0440\u043e\u0432\u044b\u0445 \u043f\u0440\u043e\u0434\u0443\u043a\u0442\u043e\u0432, \u0432\u043a\u043b\u044e\u0447\u0430\u044f \u0438\u0445 \u0441\u043e\u0434\u0435\u0440\u0436\u0438\u043c\u043e\u0435 (\u0434\u0430\u043b\u0435\u0435 \u2014 \u00ab\u043f\u0440\u043e\u0434\u0443\u043a\u0442\u044b\u00bb). \u0418\u0441\u043f\u043e\u043b\u044c\u0437\u0443\u044f \u043d\u0430\u0448 \u0432\u0435\u0431-\u0441\u0430\u0439\u0442, \u043f\u043e\u043a\u0443\u043f\u0430\u044f, \u0441\u043a\u0430\u0447\u0438\u0432\u0430\u044f \u0438 \u0438\u0441\u043f\u043e\u043b\u044c\u0437\u0443\u044f \u043d\u0430\u0448\u0438 \u043f\u0440\u043e\u0434\u0443\u043a\u0442\u044b, \u0432\u044b \u043f\u043e\u043b\u043d\u043e\u0441\u0442\u044c\u044e \u0441\u043e\u0433\u043b\u0430\u0448\u0430\u0435\u0442\u0435\u0441\u044c \u0441 \u0434\u0430\u043d\u043d\u044b\u043c\u0438 \u0443\u0441\u043b\u043e\u0432\u0438\u044f\u043c\u0438. \u0415\u0441\u043b\u0438 \u0432\u044b \u043d\u0435 \u0441\u043e\u0433\u043b\u0430\u0441\u043d\u044b \u0441 \u0434\u0430\u043d\u043d\u044b\u043c\u0438 \u0443\u0441\u043b\u043e\u0432\u0438\u044f\u043c\u0438, \u0432\u0430\u043c \u0441\u043b\u0435\u0434\u0443\u0435\u0442 \u0432\u043e\u0437\u0434\u0435\u0440\u0436\u0430\u0442\u044c\u0441\u044f \u043e\u0442 \u0438\u0441\u043f\u043e\u043b\u044c\u0437\u043e\u0432\u0430\u043d\u0438\u044f \u043d\u0430\u0448\u0435\u0433\u043e \u0432\u0435\u0431-\u0441\u0430\u0439\u0442\u0430 \u0438\u043b\u0438 \u043e\u0442 \u043f\u043e\u043a\u0443\u043f\u043a\u0438, \u0441\u043a\u0430\u0447\u0438\u0432\u0430\u043d\u0438\u044f \u0438 \u0438\u0441\u043f\u043e\u043b\u044c\u0437\u043e\u0432\u0430\u043d\u0438\u044f \u043a\u0430\u043a\u0438\u0445-\u043b\u0438\u0431\u043e \u043d\u0430\u0448\u0438\u0445 \u043f\u0440\u043e\u0434\u0443\u043a\u0442\u043e\u0432.<\/p>\n<p><\/p>\n<p><strong>2.0 \u041b\u0438\u0446\u0435\u043d\u0437\u0438\u044f \u0438 \u0438\u0441\u043f\u043e\u043b\u044c\u0437\u043e\u0432\u0430\u043d\u0438\u0435<\/strong><\/p>\n<p><\/p>\n<p>\u041f\u0440\u0438\u043e\u0431\u0440\u0435\u0442\u0430\u044f \u043e\u0434\u0438\u043d \u0438\u0437 \u043d\u0430\u0448\u0438\u0445 \u043f\u0440\u043e\u0434\u0443\u043a\u0442\u043e\u0432, \u043c\u044b \u043f\u0440\u0435\u0434\u043e\u0441\u0442\u0430\u0432\u043b\u044f\u0435\u043c \u0432\u0430\u043c \u043d\u0435\u0438\u0441\u043a\u043b\u044e\u0447\u0438\u0442\u0435\u043b\u044c\u043d\u0443\u044e, \u043d\u0435\u043f\u0435\u0440\u0435\u0434\u0430\u0432\u0430\u0435\u043c\u0443\u044e, \u043d\u0435 \u043f\u043e\u0434\u043b\u0435\u0436\u0430\u0449\u0443\u044e \u0441\u0443\u0431\u043b\u0438\u0446\u0435\u043d\u0437\u0438\u0440\u043e\u0432\u0430\u043d\u0438\u044e \u043b\u0438\u0446\u0435\u043d\u0437\u0438\u044e \u043d\u0430 \u0441\u043a\u0430\u0447\u0438\u0432\u0430\u043d\u0438\u0435 \u0438\/\u0438\u043b\u0438 \u0438\u0441\u043f\u043e\u043b\u044c\u0437\u043e\u0432\u0430\u043d\u0438\u0435 \u0434\u0430\u043d\u043d\u043e\u0433\u043e \u043f\u0440\u043e\u0434\u0443\u043a\u0442\u0430 \u0434\u043b\u044f \u0432\u0430\u0448\u0435\u0433\u043e \u043b\u0438\u0447\u043d\u043e\u0433\u043e \u043f\u043e\u043b\u044c\u0437\u043e\u0432\u0430\u043d\u0438\u044f \u0438 \u043e\u0437\u043d\u0430\u043a\u043e\u043c\u043b\u0435\u043d\u0438\u044f. \u0412 \u0441\u043b\u0443\u0447\u0430\u0435 \u0441\u043a\u0430\u0447\u0438\u0432\u0430\u0435\u043c\u044b\u0445 \u0446\u0438\u0444\u0440\u043e\u0432\u044b\u0445 \u043f\u0440\u043e\u0434\u0443\u043a\u0442\u043e\u0432, \u0432\u044b \u043c\u043e\u0436\u0435\u0442\u0435 \u0440\u0430\u0441\u043f\u0435\u0447\u0430\u0442\u0430\u0442\u044c \u0438\u043b\u0438 \u043a\u043e\u043d\u0432\u0435\u0440\u0442\u0438\u0440\u043e\u0432\u0430\u0442\u044c \u043f\u0440\u043e\u0434\u0443\u043a\u0442 \u0432 \u0433\u0440\u0430\u0444\u0438\u0447\u0435\u0441\u043a\u0438\u0439 \u0438\u043b\u0438 \u0432\u0435\u043a\u0442\u043e\u0440\u043d\u044b\u0439 \u0444\u043e\u0440\u043c\u0430\u0442 \u0434\u043b\u044f \u0445\u0440\u0430\u043d\u0435\u043d\u0438\u044f, \u0441\u043e\u0445\u0440\u0430\u043d\u0435\u043d\u0438\u044f \u0438 \u043e\u0437\u043d\u0430\u043a\u043e\u043c\u043b\u0435\u043d\u0438\u044f. \u0412\u044b \u0441\u043e\u0433\u043b\u0430\u0448\u0430\u0435\u0442\u0435\u0441\u044c \u043d\u0435 \u0438\u0441\u043f\u043e\u043b\u044c\u0437\u043e\u0432\u0430\u0442\u044c \u0438 \u043d\u0435 \u0440\u0430\u0437\u0440\u0435\u0448\u0430\u0442\u044c \u0438\u0441\u043f\u043e\u043b\u044c\u0437\u043e\u0432\u0430\u0442\u044c \u043a\u0430\u043a\u043e\u0439-\u043b\u0438\u0431\u043e \u043f\u0440\u043e\u0434\u0443\u043a\u0442 \u0438\u043d\u044b\u043c \u043e\u0431\u0440\u0430\u0437\u043e\u043c, \u043a\u0440\u043e\u043c\u0435 \u0443\u043a\u0430\u0437\u0430\u043d\u043d\u043e\u0433\u043e \u0432\u044b\u0448\u0435. \u0414\u043b\u044f \u0438\u0437\u0431\u0435\u0436\u0430\u043d\u0438\u044f \u0441\u043e\u043c\u043d\u0435\u043d\u0438\u0439, \u0432\u044b \u043d\u0435 \u043c\u043e\u0436\u0435\u0442\u0435 \u043a\u043e\u043f\u0438\u0440\u043e\u0432\u0430\u0442\u044c, \u043f\u0435\u0440\u0435\u043f\u0440\u043e\u0434\u0430\u0432\u0430\u0442\u044c, \u043f\u0435\u0440\u0435\u0434\u0430\u0432\u0430\u0442\u044c \u043f\u043e \u0441\u0443\u0431\u043b\u0438\u0446\u0435\u043d\u0437\u0438\u0438, \u0441\u0434\u0430\u0432\u0430\u0442\u044c \u0432 \u0430\u0440\u0435\u043d\u0434\u0443, \u0434\u0435\u043b\u0438\u0442\u044c\u0441\u044f \u0438\u043b\u0438 \u0438\u043d\u044b\u043c \u043e\u0431\u0440\u0430\u0437\u043e\u043c \u0440\u0430\u0441\u043f\u0440\u043e\u0441\u0442\u0440\u0430\u043d\u044f\u0442\u044c \u043d\u0430\u0448\u0438 \u043f\u0440\u043e\u0434\u0443\u043a\u0442\u044b, \u043d\u0435\u0437\u0430\u0432\u0438\u0441\u0438\u043c\u043e \u043e\u0442 \u0442\u043e\u0433\u043e, \u0431\u044b\u043b\u0438 \u043b\u0438 \u043e\u043d\u0438 \u0438\u0437\u043c\u0435\u043d\u0435\u043d\u044b \u0438\u043b\u0438 \u043d\u0435\u0442. \u0412\u044b \u0441\u043e\u0433\u043b\u0430\u0448\u0430\u0435\u0442\u0435\u0441\u044c \u043d\u0435 \u0438\u0441\u043f\u043e\u043b\u044c\u0437\u043e\u0432\u0430\u0442\u044c \u043d\u0430\u0448\u0438 \u043f\u0440\u043e\u0434\u0443\u043a\u0442\u044b \u0442\u0430\u043a\u0438\u043c \u043e\u0431\u0440\u0430\u0437\u043e\u043c, \u043a\u043e\u0442\u043e\u0440\u044b\u0439 \u043c\u043e\u0433 \u0431\u044b \u043d\u0430\u043d\u0435\u0441\u0442\u0438 \u043d\u0430\u043c \u0432\u0440\u0435\u0434 \u0438\u043b\u0438 \u043f\u043e\u0432\u0440\u0435\u0434\u0438\u0442\u044c \u043d\u0430\u0448\u0435\u0439 \u0440\u0435\u043f\u0443\u0442\u0430\u0446\u0438\u0438.<\/p>\n<p><\/p>\n<p><strong>3.0 \u0418\u043d\u0442\u0435\u043b\u043b\u0435\u043a\u0442\u0443\u0430\u043b\u044c\u043d\u0430\u044f \u0441\u043e\u0431\u0441\u0442\u0432\u0435\u043d\u043d\u043e\u0441\u0442\u044c<\/strong><\/p>\n<p><\/p>\n<p>\u041f\u0440\u043e\u0434\u0443\u043a\u0442\u044b, \u0438\u0437\u043c\u0435\u043d\u0435\u043d\u043d\u044b\u0435 \u0438\u043b\u0438 \u043d\u0435\u0442, \u0438 \u0432\u0441\u0435 \u043f\u0440\u0430\u0432\u0430 \u0438\u043d\u0442\u0435\u043b\u043b\u0435\u043a\u0442\u0443\u0430\u043b\u044c\u043d\u043e\u0439 \u0441\u043e\u0431\u0441\u0442\u0432\u0435\u043d\u043d\u043e\u0441\u0442\u0438 \u0438 \u0430\u0432\u0442\u043e\u0440\u0441\u043a\u0438\u0435 \u043f\u0440\u0430\u0432\u0430 \u043d\u0430 \u043d\u0438\u0445 \u044f\u0432\u043b\u044f\u044e\u0442\u0441\u044f \u0438 \u043e\u0441\u0442\u0430\u043d\u0443\u0442\u0441\u044f \u043d\u0430\u0448\u0435\u0439 \u0435\u0434\u0438\u043d\u0441\u0442\u0432\u0435\u043d\u043d\u043e\u0439 \u0438 \u0438\u0441\u043a\u043b\u044e\u0447\u0438\u0442\u0435\u043b\u044c\u043d\u043e\u0439 \u0441\u043e\u0431\u0441\u0442\u0432\u0435\u043d\u043d\u043e\u0441\u0442\u044c\u044e. \u0412\u044b \u0441\u043e\u0433\u043b\u0430\u0448\u0430\u0435\u0442\u0435\u0441\u044c, \u0447\u0442\u043e \u043d\u0438 \u043f\u0440\u0438 \u043a\u0430\u043a\u0438\u0445 \u043e\u0431\u0441\u0442\u043e\u044f\u0442\u0435\u043b\u044c\u0441\u0442\u0432\u0430\u0445, \u043d\u0435\u0437\u0430\u0432\u0438\u0441\u0438\u043c\u043e \u043e\u0442 \u0442\u043e\u0433\u043e, \u0431\u044b\u043b \u043b\u0438 \u043f\u0440\u043e\u0434\u0443\u043a\u0442 \u0438\u0437\u043c\u0435\u043d\u0435\u043d \u0438\u043b\u0438 \u043d\u0435\u0442, \u0432\u044b \u043d\u0435 \u0431\u0443\u0434\u0435\u0442\u0435 \u043f\u0440\u0435\u0442\u0435\u043d\u0434\u043e\u0432\u0430\u0442\u044c \u043d\u0430 \u043f\u0440\u0430\u0432\u0430 \u0438\u043d\u0442\u0435\u043b\u043b\u0435\u043a\u0442\u0443\u0430\u043b\u044c\u043d\u043e\u0439 \u0441\u043e\u0431\u0441\u0442\u0432\u0435\u043d\u043d\u043e\u0441\u0442\u0438 \u0438\u043b\u0438 \u0430\u0432\u0442\u043e\u0440\u0441\u043a\u0438\u0435 \u043f\u0440\u0430\u0432\u0430 \u043d\u0430 \u043f\u0440\u043e\u0434\u0443\u043a\u0442.<\/p>\n<p><\/p>\n<p><strong>4.0 \u0412\u043e\u0437\u0432\u0440\u0430\u0442 \u0441\u0440\u0435\u0434\u0441\u0442\u0432<\/strong><\/p>\n<p><\/p>\n<p>\u041f\u043e\u0441\u043b\u0435 \u043f\u043e\u043a\u0443\u043f\u043a\u0438 \u043f\u0440\u043e\u0434\u0443\u043a\u0442\u0430 \u0432\u043e\u0437\u0432\u0440\u0430\u0442 \u0441\u0440\u0435\u0434\u0441\u0442\u0432 \u043d\u0435\u0432\u043e\u0437\u043c\u043e\u0436\u0435\u043d \u0432\u0432\u0438\u0434\u0443 \u044d\u043b\u0435\u043a\u0442\u0440\u043e\u043d\u043d\u043e\u0433\u043e \u0445\u0430\u0440\u0430\u043a\u0442\u0435\u0440\u0430 \u043d\u0430\u0448\u0438\u0445 \u043f\u0440\u043e\u0434\u0443\u043a\u0442\u043e\u0432. \u041b\u044e\u0431\u043e\u0439 \u0432\u043e\u0437\u0432\u0440\u0430\u0442 \u0441\u0440\u0435\u0434\u0441\u0442\u0432 \u043e\u0441\u0442\u0430\u0435\u0442\u0441\u044f \u043d\u0430 \u043d\u0430\u0448\u0435 \u0443\u0441\u043c\u043e\u0442\u0440\u0435\u043d\u0438\u0435. \u0412\u044b \u0441\u043e\u0433\u043b\u0430\u0448\u0430\u0435\u0442\u0435\u0441\u044c, \u0447\u0442\u043e \u043d\u0438 \u043f\u0440\u0438 \u043a\u0430\u043a\u0438\u0445 \u043e\u0431\u0441\u0442\u043e\u044f\u0442\u0435\u043b\u044c\u0441\u0442\u0432\u0430\u0445 \u043d\u0435 \u0431\u0443\u0434\u0435\u0442\u0435 \u0438\u043d\u0438\u0446\u0438\u0438\u0440\u043e\u0432\u0430\u0442\u044c \u0432\u043e\u0437\u0432\u0440\u0430\u0442 \u043f\u043b\u0430\u0442\u0435\u0436\u0430 \u0447\u0435\u0440\u0435\u0437 \u0441\u0432\u043e\u0435\u0433\u043e \u043f\u043b\u0430\u0442\u0435\u0436\u043d\u043e\u0433\u043e \u043f\u0440\u043e\u0432\u0430\u0439\u0434\u0435\u0440\u0430. \u0412\u044b \u0441\u043e\u0433\u043b\u0430\u0448\u0430\u0435\u0442\u0435\u0441\u044c, \u0447\u0442\u043e \u043b\u044e\u0431\u044b\u0435 \u043f\u0440\u043e\u0438\u0437\u0432\u0435\u0434\u0435\u043d\u043d\u044b\u0435 \u0432\u0430\u043c\u0438 \u043f\u043b\u0430\u0442\u0435\u0436\u0438 \u0437\u0430 \u043a\u0430\u043a\u043e\u0439-\u043b\u0438\u0431\u043e \u0438\u0437 \u043d\u0430\u0448\u0438\u0445 \u043f\u0440\u043e\u0434\u0443\u043a\u0442\u043e\u0432 \u044f\u0432\u043b\u044f\u044e\u0442\u0441\u044f \u043e\u043a\u043e\u043d\u0447\u0430\u0442\u0435\u043b\u044c\u043d\u044b\u043c\u0438 \u0438 \u043d\u0435 \u043f\u043e\u0434\u043b\u0435\u0436\u0430\u0442 \u0432\u043e\u0437\u0432\u0440\u0430\u0442\u0443. \u041c\u044b \u043e\u0441\u0442\u0430\u0432\u043b\u044f\u0435\u043c \u0437\u0430 \u0441\u043e\u0431\u043e\u0439 \u043f\u0440\u0430\u0432\u043e \u043f\u0435\u0440\u0438\u043e\u0434\u0438\u0447\u0435\u0441\u043a\u0438 \u0438\u0437\u043c\u0435\u043d\u044f\u0442\u044c \u043d\u0430\u0448\u0438 \u0446\u0435\u043d\u044b.<\/p>\n<p><\/p>\n<p><strong>5.0 \u041e\u0431\u0449\u0438\u0435 \u043f\u043e\u043b\u043e\u0436\u0435\u043d\u0438\u044f<\/strong><\/p>\n<p><\/p>\n<p>\u041d\u0430\u0441\u0442\u043e\u044f\u0449\u0438\u0435 \u0443\u0441\u043b\u043e\u0432\u0438\u044f \u0441\u043e\u0441\u0442\u0430\u0432\u043b\u044f\u044e\u0442 \u043f\u043e\u043b\u043d\u043e\u0435 \u0441\u043e\u0433\u043b\u0430\u0448\u0435\u043d\u0438\u0435 \u0438 \u043f\u043e\u043d\u0438\u043c\u0430\u043d\u0438\u0435 \u043c\u0435\u0436\u0434\u0443 \u0432\u0430\u043c\u0438 \u0438 \u043d\u0430\u043c\u0438 \u0432 \u043e\u0442\u043d\u043e\u0448\u0435\u043d\u0438\u0438 \u043f\u0440\u0435\u0434\u043e\u0441\u0442\u0430\u0432\u043b\u0435\u043d\u0438\u044f \u0441\u043a\u0430\u0447\u0438\u0432\u0430\u0435\u043c\u044b\u0445 \u0446\u0438\u0444\u0440\u043e\u0432\u044b\u0445 \u043f\u0440\u043e\u0434\u0443\u043a\u0442\u043e\u0432 \u0438 \u043f\u043e\u0442\u043e\u043a\u043e\u0432\u043e\u0439 \u043f\u0435\u0440\u0435\u0434\u0430\u0447\u0438 \u0446\u0438\u0444\u0440\u043e\u0432\u044b\u0445 \u043f\u0440\u043e\u0434\u0443\u043a\u0442\u043e\u0432. \u0412\u044b \u0441\u043e\u0433\u043b\u0430\u0448\u0430\u0435\u0442\u0435\u0441\u044c \u0432\u043e\u0437\u043c\u0435\u0441\u0442\u0438\u0442\u044c \u043d\u0430\u043c \u0432\u0441\u0435 \u043e\u0431\u044f\u0437\u0430\u0442\u0435\u043b\u044c\u0441\u0442\u0432\u0430, \u043f\u0440\u0435\u0442\u0435\u043d\u0437\u0438\u0438, \u0442\u0440\u0435\u0431\u043e\u0432\u0430\u043d\u0438\u044f, \u0440\u0430\u0441\u0445\u043e\u0434\u044b, \u0443\u0431\u044b\u0442\u043a\u0438 \u0438\u043b\u0438 \u0443\u0449\u0435\u0440\u0431, \u0432\u043e\u0437\u043d\u0438\u043a\u0430\u044e\u0449\u0438\u0435 \u0432 \u0440\u0435\u0437\u0443\u043b\u044c\u0442\u0430\u0442\u0435 \u043d\u0430\u0440\u0443\u0448\u0435\u043d\u0438\u044f \u0432\u0430\u043c\u0438 \u0434\u0430\u043d\u043d\u044b\u0445 \u0443\u0441\u043b\u043e\u0432\u0438\u0439.<\/p>\n<p><\/p>\n<p><strong>\u0421\u0432\u044f\u0436\u0438\u0442\u0435\u0441\u044c \u0441 \u043d\u0430\u043c\u0438<\/strong><\/p>\n<p><\/p>\n<p>\u041f\u043e\u0436\u0430\u043b\u0443\u0439\u0441\u0442\u0430, \u043d\u0435 \u0441\u0442\u0435\u0441\u043d\u044f\u0439\u0442\u0435\u0441\u044c \u043e\u0431\u0440\u0430\u0449\u0430\u0442\u044c\u0441\u044f \u043a \u043d\u0430\u043c \u0441 \u043b\u044e\u0431\u044b\u043c\u0438 \u0432\u043e\u043f\u0440\u043e\u0441\u0430\u043c\u0438, \u0441\u0432\u044f\u0437\u0430\u043d\u043d\u044b\u043c\u0438 \u0441 \u043d\u0430\u0441\u0442\u043e\u044f\u0449\u0438\u043c\u0438 \u043f\u0440\u0430\u0432\u0438\u043b\u0430\u043c\u0438 \u0438 \u0443\u0441\u043b\u043e\u0432\u0438\u044f\u043c\u0438 \u043f\u0440\u043e\u0434\u0430\u0436\u0438 \u0441\u043a\u0430\u0447\u0438\u0432\u0430\u0435\u043c\u044b\u0445 \u0438 \u0442\u0440\u0430\u043d\u0441\u043b\u0438\u0440\u0443\u0435\u043c\u044b\u0445 \u0446\u0438\u0444\u0440\u043e\u0432\u044b\u0445 \u043f\u0440\u043e\u0434\u0443\u043a\u0442\u043e\u0432, \u043f\u043e \u044d\u043b\u0435\u043a\u0442\u0440\u043e\u043d\u043d\u043e\u0439 \u043f\u043e\u0447\u0442\u0435 <a href=\"mailto:rita.agapova89@gmail.com\">rita.agapova89@gmail.com<\/a>.\u00a0<\/p>\n<p><\/p>\n<p><\/p>\t\t\t\t\t\t\t\t<\/div>\n\t\t\t\t<\/div>\n\t\t\t\t\t<\/div>\n\t\t\t\t<\/div>\n\t\t<div class=\"elementor-element elementor-element-6a2a89f e-flex e-con-boxed wpr-particle-no wpr-jarallax-no wpr-parallax-no wpr-sticky-section-no e-con e-parent\" data-id=\"6a2a89f\" data-element_type=\"container\">\n\t\t\t\t\t<div class=\"e-con-inner\">\n\t\t\t\t<div class=\"elementor-element elementor-element-8653f1f elementor-widget elementor-widget-text-editor\" data-id=\"8653f1f\" data-element_type=\"widget\" data-widget_type=\"text-editor.default\">\n\t\t\t\t<div class=\"elementor-widget-container\">\n\t\t\t\t\t\t\t\t\t<p>\u043d\u043e\u043c\u0435\u0440 \u0441\u0432\u0438\u0434\u0435\u0442\u0435\u043b\u044c\u0441\u0442\u0432\u0430 \u043e \u0438\u043d\u0434\u0438\u0432\u0438\u0434\u0443\u0430\u043b\u044c\u043d\u043e\u0439 \u0434\u0435\u044f\u0442\u0435\u043b\u044c\u043d\u043e\u0441\u0442\u0438 - 1383691.<\/p>\t\t\t\t\t\t\t\t<\/div>\n\t\t\t\t<\/div>\n\t\t\t\t\t<\/div>\n\t\t\t\t<\/div>\n\t\t\t\t<\/div>","protected":false},"excerpt":{"rendered":"<p>Pirkimo puslapyje taisykl\u0117s 1.0 \u012evadas \u0160iose s\u0105lygose i\u0161d\u0117stytos s\u0105lygos tarp j\u016bs\u0173, kliento ir Agapova Rita (toliau \u2013 \u201emes\u201c), reglamentuojan\u010dios naudojim\u0105si m\u016bs\u0173 svetaine ir m\u016bs\u0173 atsisiun\u010diamais skaitmeniniais \u012fra\u0161ais bei skaitmenini\u0173 produkt\u0173, \u012fskaitant juose esant\u012f turin\u012f (toliau &#8211; \u201eproduktai\u201c). Jei naudojat\u0117s m\u016bs\u0173 svetaine ir perkate, atsisiun\u010diate ir naudojate m\u016bs\u0173 produktus, tai rei\u0161kia, kad visi\u0161kai sutinkate su \u0161iomis s\u0105lygomis. Jei nesutinkate su \u0161iomis s\u0105lygomis, netur\u0117tum\u0117te naudotis m\u016bs\u0173 svetaine arba pirkti, atsisi\u0173sti ar naudoti joki\u0173 m\u016bs\u0173 produkt\u0173. 2.0 Licencija ir naudojimas \u012esigijus vien\u0105 i\u0161 m\u016bs\u0173 produkt\u0173, mes suteikiame jums nei\u0161imtin\u0119, sublicencijuojam\u0105, neperleid\u017eiam\u0105 licencij\u0105 atsisi\u0173sti ir (arba) pasitelkti t\u0105 produkt\u0105 j\u016bs\u0173 asmeniniam naudojimui ir nuorodai, o jei atsisiun\u010diamus skaitmeninius produktus, atspausdinkite arba konvertuokite gamin\u012f \u012f vaizdo ar vektorin\u012f format\u0105, kad gal\u0117tum\u0117te j\u012f saugoti, i\u0161saugoti ir nurodyti. J\u016bs sutinkate, kad jokiomis aplinkyb\u0117mis nenaudosite arba neleisite naudoti jokio gaminio kitaip nei anks\u010diau nurodytam tikslui. Kad b\u016bt\u0173 i\u0161vengta abejoni\u0173, jokiai tre\u010diajai \u0161aliai negalite kopijuoti, perparduoti, sublicencijuoti, nei\u0161nuomoti, dalytis ar kitaip platinti m\u016bs\u0173 gamini\u0173, pakeist\u0173 ar ne. J\u016bs sutinkate nenaudoti joki\u0173 m\u016bs\u0173 produkt\u0173 taip, kad tai gal\u0117t\u0173 mums pakenkti arba pakenkti m\u016bs\u0173 reputacijai. 3.0 Intelektin\u0117 nuosavyb\u0117 Produktai, modifikuoti ar ne, ir visa juose esanti intelektin\u0117 nuosavyb\u0117 ir autori\u0173 teis\u0117s yra ir visada liks m\u016bs\u0173 vienintele ir i\u0161skirtine nuosavybe. J\u016bs sutinkate, kad jokiomis aplinkyb\u0117mis, nesvarbu, ar gaminys buvo modifikuotas, ar ne, netur\u0117site ar nem\u0117ginsite pretenduoti \u012f produkto intelektin\u0117s nuosavyb\u0117s ar autori\u0173 teises. 4.0 L\u0117\u0161\u0173 gr\u0105\u017einimas ir mok\u0117jim\u0173 gr\u0105\u017einimas \u012esigijus prek\u0119, nebegalima at\u0161aukti arba susigr\u0105\u017einti pinig\u0173 d\u0117l m\u016bs\u0173 gamini\u0173 elektroninio pob\u016bd\u017eio. Bet koks pinig\u0173 gr\u0105\u017einimas priklauso m\u016bs\u0173 nuo\u017ei\u016bra. J\u016bs sutinkate, kad jokiomis aplinkyb\u0117mis neprad\u0117site mok\u0117jim\u0173 gr\u0105\u017einimo per savo mok\u0117jimo teik\u0117j\u0105. J\u016bs sutinkate, kad bet kokie j\u016bs\u0173 atlikti mok\u0117jimai u\u017e bet kur\u012f i\u0161 m\u016bs\u0173 gamini\u0173 yra galutiniai ir negali b\u016bti gr\u0105\u017einti. Pasiliekame teis\u0119 retkar\u010diais keisti bet kokias savo kainas. 5.0 Bendra \u0160ios s\u0105lygos sudaro vis\u0105 susitarim\u0105 ir supratim\u0105 tarp j\u016bs\u0173 ir m\u016bs\u0173 d\u0117l atsisiun\u010diam\u0173 skaitmenini\u0173 produkt\u0173 tiekimo ir skaitmenini\u0173 produkt\u0173 srautinio perdavimo. J\u016bs sutinkate atlyginti mums visus \u012fsipareigojimus, pretenzijas, reikalavimus, i\u0161laidas, veiksmus, i\u0161laidas, \u017eal\u0105 ar nuostolius, kylan\u010dius d\u0117l \u0161i\u0173 taisykli\u0173 ir s\u0105lyg\u0173 pa\u017eeidimo. Susisiekite su mumis Nedvejodami susisiekite su mumis d\u0117l bet koki\u0173 klausim\u0173, susijusi\u0173 su \u0161iomis atsisiun\u010diam\u0173 ir transliuojam\u0173 skaitmenini\u0173 produkt\u0173 pardavimo taisykl\u0117mis ir s\u0105lygomis el. pa\u0161tu rita.agapova89@gmail.com.\u00a0 Mano individualios veiklos numeris &#8211; 1383691.<\/p>","protected":false},"author":1,"featured_media":0,"parent":0,"menu_order":0,"comment_status":"closed","ping_status":"closed","template":"elementor_header_footer","meta":{"_uag_custom_page_level_css":"","site-sidebar-layout":"default","site-content-layout":"","ast-site-content-layout":"default","site-content-style":"default","site-sidebar-style":"default","ast-global-header-display":"","ast-banner-title-visibility":"","ast-main-header-display":"","ast-hfb-above-header-display":"","ast-hfb-below-header-display":"","ast-hfb-mobile-header-display":"","site-post-title":"","ast-breadcrumbs-content":"","ast-featured-img":"","footer-sml-layout":"","theme-transparent-header-meta":"","adv-header-id-meta":"","stick-header-meta":"","header-above-stick-meta":"","header-main-stick-meta":"","header-below-stick-meta":"","astra-migrate-meta-layouts":"set","ast-page-background-enabled":"default","ast-page-background-meta":{"desktop":{"background-color":"","background-image":"","background-repeat":"repeat","background-position":"center center","background-size":"auto","background-attachment":"scroll","background-type":"","background-media":"","overlay-type":"","overlay-color":"","overlay-opacity":"","overlay-gradient":""},"tablet":{"background-color":"","background-image":"","background-repeat":"repeat","background-position":"center center","background-size":"auto","background-attachment":"scroll","background-type":"","background-media":"","overlay-type":"","overlay-color":"","overlay-opacity":"","overlay-gradient":""},"mobile":{"background-color":"","background-image":"","background-repeat":"repeat","background-position":"center center","background-size":"auto","background-attachment":"scroll","background-type":"","background-media":"","overlay-type":"","overlay-color":"","overlay-opacity":"","overlay-gradient":""}},"ast-content-background-meta":{"desktop":{"background-color":"var(--ast-global-color-5)","background-image":"","background-repeat":"repeat","background-position":"center center","background-size":"auto","background-attachment":"scroll","background-type":"","background-media":"","overlay-type":"","overlay-color":"","overlay-opacity":"","overlay-gradient":""},"tablet":{"background-color":"var(--ast-global-color-5)","background-image":"","background-repeat":"repeat","background-position":"center center","background-size":"auto","background-attachment":"scroll","background-type":"","background-media":"","overlay-type":"","overlay-color":"","overlay-opacity":"","overlay-gradient":""},"mobile":{"background-color":"var(--ast-global-color-5)","background-image":"","background-repeat":"repeat","background-position":"center center","background-size":"auto","background-attachment":"scroll","background-type":"","background-media":"","overlay-type":"","overlay-color":"","overlay-opacity":"","overlay-gradient":""}},"footnotes":""},"class_list":["post-10","page","type-page","status-publish","hentry"],"uagb_featured_image_src":{"full":false,"thumbnail":false,"medium":false,"medium_large":false,"large":false,"1536x1536":false,"2048x2048":false,"trp-custom-language-flag":false,"woocommerce_thumbnail":false,"woocommerce_single":false,"woocommerce_gallery_thumbnail":false},"uagb_author_info":{"display_name":"Saule Aleksandraviciute","author_link":"https:\/\/agapovarita.com\/ru\/author\/saule-aleksagmail-com\/"},"uagb_comment_info":0,"uagb_excerpt":"Pirkimo puslapyje taisykl\u0117s 1.0 \u012evadas \u0160iose s\u0105lygose i\u0161d\u0117stytos s\u0105lygos tarp j\u016bs\u0173, kliento ir Agapova Rita (toliau \u2013 \u201emes\u201c), reglamentuojan\u010dios naudojim\u0105si m\u016bs\u0173 svetaine ir m\u016bs\u0173 atsisiun\u010diamais skaitmeniniais \u012fra\u0161ais bei skaitmenini\u0173 produkt\u0173, \u012fskaitant juose esant\u012f turin\u012f (toliau &#8211; \u201eproduktai\u201c). Jei naudojat\u0117s m\u016bs\u0173 svetaine ir perkate, atsisiun\u010diate ir naudojate m\u016bs\u0173 produktus, tai rei\u0161kia, kad visi\u0161kai sutinkate su \u0161iomis&hellip;","_links":{"self":[{"href":"https:\/\/agapovarita.com\/ru\/wp-json\/wp\/v2\/pages\/10","targetHints":{"allow":["GET"]}}],"collection":[{"href":"https:\/\/agapovarita.com\/ru\/wp-json\/wp\/v2\/pages"}],"about":[{"href":"https:\/\/agapovarita.com\/ru\/wp-json\/wp\/v2\/types\/page"}],"author":[{"embeddable":true,"href":"https:\/\/agapovarita.com\/ru\/wp-json\/wp\/v2\/users\/1"}],"replies":[{"embeddable":true,"href":"https:\/\/agapovarita.com\/ru\/wp-json\/wp\/v2\/comments?post=10"}],"version-history":[{"count":30,"href":"https:\/\/agapovarita.com\/ru\/wp-json\/wp\/v2\/pages\/10\/revisions"}],"predecessor-version":[{"id":4586,"href":"https:\/\/agapovarita.com\/ru\/wp-json\/wp\/v2\/pages\/10\/revisions\/4586"}],"wp:attachment":[{"href":"https:\/\/agapovarita.com\/ru\/wp-json\/wp\/v2\/media?parent=10"}],"curies":[{"name":"wp","href":"https:\/\/api.w.org\/{rel}","templated":true}]}}