{"id":3197,"date":"2024-11-07T15:36:47","date_gmt":"2024-11-07T15:36:47","guid":{"rendered":"https:\/\/agapovarita.com\/?page_id=3197"},"modified":"2025-06-24T08:26:12","modified_gmt":"2025-06-24T08:26:12","slug":"paslaugos","status":"publish","type":"page","link":"https:\/\/agapovarita.com\/ru\/paslaugos\/","title":{"rendered":"\u0423\u0441\u043b\u0443\u0433\u0438"},"content":{"rendered":"<div data-elementor-type=\"wp-page\" data-elementor-id=\"3197\" class=\"elementor elementor-3197\">\n\t\t\t\t<div class=\"elementor-element elementor-element-8f4be07 e-flex e-con-boxed wpr-particle-no wpr-jarallax-no wpr-parallax-no wpr-sticky-section-no e-con e-parent\" data-id=\"8f4be07\" data-element_type=\"container\">\n\t\t\t\t\t<div class=\"e-con-inner\">\n\t\t<div class=\"elementor-element elementor-element-3fb2e42 e-con-full e-flex wpr-particle-no wpr-jarallax-no wpr-parallax-no wpr-sticky-section-no e-con e-child\" data-id=\"3fb2e42\" data-element_type=\"container\">\n\t\t<div class=\"elementor-element elementor-element-c1f5d0e e-con-full e-flex wpr-particle-no wpr-jarallax-no wpr-parallax-no wpr-sticky-section-no e-con e-child\" data-id=\"c1f5d0e\" data-element_type=\"container\">\n\t\t<div class=\"elementor-element elementor-element-e43b4e3 e-con-full e-flex wpr-particle-no wpr-jarallax-no wpr-parallax-no wpr-sticky-section-no e-con e-child\" data-id=\"e43b4e3\" data-element_type=\"container\">\n\t\t\t\t<\/div>\n\t\t<div class=\"elementor-element elementor-element-4457aec e-con-full e-flex wpr-particle-no wpr-jarallax-no wpr-parallax-no wpr-sticky-section-no e-con e-child\" data-id=\"4457aec\" data-element_type=\"container\">\n\t\t\t\t<div class=\"elementor-element elementor-element-a41bd60 elementor-widget elementor-widget-elementskit-heading\" data-id=\"a41bd60\" data-element_type=\"widget\" data-widget_type=\"elementskit-heading.default\">\n\t\t\t\t<div class=\"elementor-widget-container\">\n\t\t\t\t\t<div class=\"ekit-wid-con\" ><div class=\"ekit-heading elementskit-section-title-wraper text_center   ekit_heading_tablet-   ekit_heading_mobile-\"><h2 class=\"ekit-heading--title elementskit-section-title\">\u0423\u0441\u043b\u0443\u0433\u0438<\/h2><div class=\"ekit_heading_separetor_wraper ekit_heading_elementskit-border-divider ekit-dotted\"><div class=\"elementskit-border-divider ekit-dotted\"><\/div><\/div><\/div><\/div>\t\t\t\t<\/div>\n\t\t\t\t<\/div>\n\t\t\t\t<\/div>\n\t\t<div class=\"elementor-element elementor-element-e190266 e-con-full elementor-hidden-mobile e-flex wpr-particle-no wpr-jarallax-no wpr-parallax-no wpr-sticky-section-no e-con e-child\" data-id=\"e190266\" data-element_type=\"container\">\n\t\t\t\t<\/div>\n\t\t\t\t<\/div>\n\t\t<div class=\"elementor-element elementor-element-7e4943d e-con-full e-flex wpr-particle-no wpr-jarallax-no wpr-parallax-no wpr-sticky-section-no e-con e-child\" data-id=\"7e4943d\" data-element_type=\"container\">\n\t\t\t\t<div class=\"elementor-element elementor-element-c70169c elementor-grid-eael-col-5 elementor-grid-tablet-eael-col-2 elementor-grid-mobile-eael-col-1 elementor-widget elementor-widget-eael-post-grid\" data-id=\"c70169c\" data-element_type=\"widget\" data-settings=\"{&quot;eael_post_grid_columns&quot;:&quot;eael-col-5&quot;,&quot;eael_post_grid_columns_tablet&quot;:&quot;eael-col-2&quot;,&quot;eael_post_grid_columns_mobile&quot;:&quot;eael-col-1&quot;}\" data-widget_type=\"eael-post-grid.default\">\n\t\t\t\t<div class=\"elementor-widget-container\">\n\t\t\t\t\t<div id=\"eael-post-grid-c70169c\" class=\"eael-post-grid-container\">\n            <div class=\"eael-post-grid eael-post-appender eael-post-appender-c70169c eael-post-grid-style-one\" data-layout-mode=\"grid\"><article class=\"eael-grid-post eael-post-grid-column\" data-id=\"5049\">\n        <div class=\"eael-grid-post-holder\">\n            <div class=\"eael-grid-post-holder-inner\"><div class=\"eael-entry-media\"><div class=\"eael-entry-overlay none\"><i class=\"fas fa-long-arrow-alt-right\" aria-hidden=\"true\"><\/i><a href=\"https:\/\/agapovarita.com\/ru\/aiskiariagystes-sesijos\/\"><\/a><\/div><div class=\"eael-entry-thumbnail\">\n                <img fetchpriority=\"high\" decoding=\"async\" width=\"500\" height=\"500\" src=\"https:\/\/agapovarita.com\/wp-content\/uploads\/2024\/10\/Rita-AGapova-1-3.png\" class=\"attachment-full size-full wp-image-5125\" alt=\"\" srcset=\"https:\/\/agapovarita.com\/wp-content\/uploads\/2024\/10\/Rita-AGapova-1-3.png 500w, https:\/\/agapovarita.com\/wp-content\/uploads\/2024\/10\/Rita-AGapova-1-3-300x300.png 300w, https:\/\/agapovarita.com\/wp-content\/uploads\/2024\/10\/Rita-AGapova-1-3-150x150.png 150w, https:\/\/agapovarita.com\/wp-content\/uploads\/2024\/10\/Rita-AGapova-1-3-12x12.png 12w, https:\/\/agapovarita.com\/wp-content\/uploads\/2024\/10\/Rita-AGapova-1-3-100x100.png 100w\" sizes=\"(max-width: 500px) 100vw, 500px\" \/>\n            <\/div>\n        <\/div><div class=\"eael-entry-wrapper\"><header class=\"eael-entry-header\"><h5 class=\"eael-entry-title\"><a class=\"eael-grid-post-link\" href=\"https:\/\/agapovarita.com\/ru\/aiskiariagystes-sesijos\/\" title=\"\u0421\u0435\u0430\u043d\u0441 \u044f\u0441\u043d\u043e\u0432\u0438\u0434\u0435\u043d\u0438\u044f\">\u0421\u0435\u0430\u043d\u0441 \u044f\u0441\u043d\u043e\u0432\u0438\u0434\u0435\u043d\u0438\u044f<\/a><\/h5><\/header><div class=\"eael-entry-content\">\n                        <div class=\"eael-grid-post-excerpt\"><a href=\"https:\/\/agapovarita.com\/ru\/aiskiariagystes-sesijos\/\" class=\"eael-post-elements-readmore-btn\">\u0414\u043e\u043f\u043e\u043b\u043d\u0438\u0442\u0435\u043b\u044c\u043d\u0430\u044f \u0438\u043d\u0444\u043e\u0440\u043c\u0430\u0446\u0438\u044f<\/a><\/div>\n                    <\/div><\/div><\/div>\n        <\/div>\n    <\/article><article class=\"eael-grid-post eael-post-grid-column\" data-id=\"1831\">\n        <div class=\"eael-grid-post-holder\">\n            <div class=\"eael-grid-post-holder-inner\"><div class=\"eael-entry-media\"><div class=\"eael-entry-overlay none\"><i class=\"fas fa-long-arrow-alt-right\" aria-hidden=\"true\"><\/i><a href=\"https:\/\/agapovarita.com\/ru\/regresijos-sesijos\/\"><\/a><\/div><div class=\"eael-entry-thumbnail\">\n                <img decoding=\"async\" width=\"500\" height=\"500\" src=\"https:\/\/agapovarita.com\/wp-content\/uploads\/2024\/10\/Rita-AGapova-1-2.png\" class=\"attachment-full size-full wp-image-5018\" alt=\"\" srcset=\"https:\/\/agapovarita.com\/wp-content\/uploads\/2024\/10\/Rita-AGapova-1-2.png 500w, https:\/\/agapovarita.com\/wp-content\/uploads\/2024\/10\/Rita-AGapova-1-2-300x300.png 300w, https:\/\/agapovarita.com\/wp-content\/uploads\/2024\/10\/Rita-AGapova-1-2-150x150.png 150w, https:\/\/agapovarita.com\/wp-content\/uploads\/2024\/10\/Rita-AGapova-1-2-12x12.png 12w, https:\/\/agapovarita.com\/wp-content\/uploads\/2024\/10\/Rita-AGapova-1-2-100x100.png 100w\" sizes=\"(max-width: 500px) 100vw, 500px\" \/>\n            <\/div>\n        <\/div><div class=\"eael-entry-wrapper\"><header class=\"eael-entry-header\"><h5 class=\"eael-entry-title\"><a class=\"eael-grid-post-link\" href=\"https:\/\/agapovarita.com\/ru\/regresijos-sesijos\/\" title=\"\u0420\u0435\u0433\u0440\u0435\u0441\u0441 \u0441\u0435\u0441\u0441\u0438\u044f\">\u0420\u0435\u0433\u0440\u0435\u0441\u0441 \u0441\u0435\u0441\u0441\u0438\u044f<\/a><\/h5><\/header><div class=\"eael-entry-content\">\n                        <div class=\"eael-grid-post-excerpt\"><a href=\"https:\/\/agapovarita.com\/ru\/regresijos-sesijos\/\" class=\"eael-post-elements-readmore-btn\">\u0414\u043e\u043f\u043e\u043b\u043d\u0438\u0442\u0435\u043b\u044c\u043d\u0430\u044f \u0438\u043d\u0444\u043e\u0440\u043c\u0430\u0446\u0438\u044f<\/a><\/div>\n                    <\/div><\/div><\/div>\n        <\/div>\n    <\/article><article class=\"eael-grid-post eael-post-grid-column\" data-id=\"1891\">\n        <div class=\"eael-grid-post-holder\">\n            <div class=\"eael-grid-post-holder-inner\"><div class=\"eael-entry-media\"><div class=\"eael-entry-overlay none\"><i class=\"fas fa-long-arrow-alt-right\" aria-hidden=\"true\"><\/i><a href=\"https:\/\/agapovarita.com\/ru\/koucingo-konsultacijos\/\"><\/a><\/div><div class=\"eael-entry-thumbnail\">\n                <img decoding=\"async\" width=\"500\" height=\"500\" src=\"https:\/\/agapovarita.com\/wp-content\/uploads\/2024\/10\/Rita-AGapova-1-4.png\" class=\"attachment-full size-full wp-image-5205\" alt=\"\" srcset=\"https:\/\/agapovarita.com\/wp-content\/uploads\/2024\/10\/Rita-AGapova-1-4.png 500w, https:\/\/agapovarita.com\/wp-content\/uploads\/2024\/10\/Rita-AGapova-1-4-300x300.png 300w, https:\/\/agapovarita.com\/wp-content\/uploads\/2024\/10\/Rita-AGapova-1-4-150x150.png 150w, https:\/\/agapovarita.com\/wp-content\/uploads\/2024\/10\/Rita-AGapova-1-4-12x12.png 12w, https:\/\/agapovarita.com\/wp-content\/uploads\/2024\/10\/Rita-AGapova-1-4-100x100.png 100w\" sizes=\"(max-width: 500px) 100vw, 500px\" \/>\n            <\/div>\n        <\/div><div class=\"eael-entry-wrapper\"><header class=\"eael-entry-header\"><h5 class=\"eael-entry-title\"><a class=\"eael-grid-post-link\" href=\"https:\/\/agapovarita.com\/ru\/koucingo-konsultacijos\/\" title=\"\u041a\u043e\u0443\u0447 \u0441\u0435\u0441\u0441\u0438\u044f\">\u041a\u043e\u0443\u0447 \u0441\u0435\u0441\u0441\u0438\u044f<\/a><\/h5><\/header><div class=\"eael-entry-content\">\n                        <div class=\"eael-grid-post-excerpt\"><a href=\"https:\/\/agapovarita.com\/ru\/koucingo-konsultacijos\/\" class=\"eael-post-elements-readmore-btn\">\u0414\u043e\u043f\u043e\u043b\u043d\u0438\u0442\u0435\u043b\u044c\u043d\u0430\u044f \u0438\u043d\u0444\u043e\u0440\u043c\u0430\u0446\u0438\u044f<\/a><\/div>\n                    <\/div><\/div><\/div>\n        <\/div>\n    <\/article><article class=\"eael-grid-post eael-post-grid-column\" data-id=\"4901\">\n        <div class=\"eael-grid-post-holder\">\n            <div class=\"eael-grid-post-holder-inner\"><div class=\"eael-entry-media\"><div class=\"eael-entry-overlay none\"><i class=\"fas fa-long-arrow-alt-right\" aria-hidden=\"true\"><\/i><a href=\"https:\/\/agapovarita.com\/ru\/psichogenetine-metrine-diagnostika-pgmd\/\"><\/a><\/div><div class=\"eael-entry-thumbnail\">\n                <img loading=\"lazy\" decoding=\"async\" width=\"500\" height=\"500\" src=\"https:\/\/agapovarita.com\/wp-content\/uploads\/2024\/10\/18-1.png\" class=\"attachment-full size-full wp-image-3848\" alt=\"\" srcset=\"https:\/\/agapovarita.com\/wp-content\/uploads\/2024\/10\/18-1.png 500w, https:\/\/agapovarita.com\/wp-content\/uploads\/2024\/10\/18-1-300x300.png 300w, https:\/\/agapovarita.com\/wp-content\/uploads\/2024\/10\/18-1-150x150.png 150w, https:\/\/agapovarita.com\/wp-content\/uploads\/2024\/10\/18-1-12x12.png 12w, https:\/\/agapovarita.com\/wp-content\/uploads\/2024\/10\/18-1-100x100.png 100w\" sizes=\"(max-width: 500px) 100vw, 500px\" \/>\n            <\/div>\n        <\/div><div class=\"eael-entry-wrapper\"><header class=\"eael-entry-header\"><h5 class=\"eael-entry-title\"><a class=\"eael-grid-post-link\" href=\"https:\/\/agapovarita.com\/ru\/psichogenetine-metrine-diagnostika-pgmd\/\" title=\"\u041f\u0441\u0438\u0445\u043e\u0433\u0435\u043d\u0435\u0442\u0438\u0447\u0435\u0441\u043a\u0430\u044f \u041c\u0435\u0442\u0440\u0438\u0447\u0435\u0441\u043a\u0430\u044f \u0414\u0438\u0430\u0433\u043d\u043e\u0441\u0442\u0438\u043a\u0430\">\u041f\u0441\u0438\u0445\u043e\u0433\u0435\u043d\u0435\u0442\u0438\u0447\u0435\u0441\u043a\u0430\u044f \u041c\u0435\u0442\u0440\u0438\u0447\u0435\u0441\u043a\u0430\u044f \u0414\u0438\u0430\u0433\u043d\u043e\u0441\u0442\u0438\u043a\u0430<\/a><\/h5><\/header><div class=\"eael-entry-content\">\n                        <div class=\"eael-grid-post-excerpt\"><a href=\"https:\/\/agapovarita.com\/ru\/psichogenetine-metrine-diagnostika-pgmd\/\" class=\"eael-post-elements-readmore-btn\">\u0414\u043e\u043f\u043e\u043b\u043d\u0438\u0442\u0435\u043b\u044c\u043d\u0430\u044f \u0438\u043d\u0444\u043e\u0440\u043c\u0430\u0446\u0438\u044f<\/a><\/div>\n                    <\/div><\/div><\/div>\n        <\/div>\n    <\/article><article class=\"eael-grid-post eael-post-grid-column\" data-id=\"4906\">\n        <div class=\"eael-grid-post-holder\">\n            <div class=\"eael-grid-post-holder-inner\"><div class=\"eael-entry-media\"><div class=\"eael-entry-overlay none\"><i class=\"fas fa-long-arrow-alt-right\" aria-hidden=\"true\"><\/i><a href=\"https:\/\/agapovarita.com\/ru\/pgmd-diagnostika-dviems\/\"><\/a><\/div><div class=\"eael-entry-thumbnail\">\n                <img loading=\"lazy\" decoding=\"async\" width=\"500\" height=\"500\" src=\"https:\/\/agapovarita.com\/wp-content\/uploads\/2024\/10\/19-1.png\" class=\"attachment-full size-full wp-image-3849\" alt=\"\" srcset=\"https:\/\/agapovarita.com\/wp-content\/uploads\/2024\/10\/19-1.png 500w, https:\/\/agapovarita.com\/wp-content\/uploads\/2024\/10\/19-1-300x300.png 300w, https:\/\/agapovarita.com\/wp-content\/uploads\/2024\/10\/19-1-150x150.png 150w, https:\/\/agapovarita.com\/wp-content\/uploads\/2024\/10\/19-1-12x12.png 12w, https:\/\/agapovarita.com\/wp-content\/uploads\/2024\/10\/19-1-100x100.png 100w\" sizes=\"(max-width: 500px) 100vw, 500px\" \/>\n            <\/div>\n        <\/div><div class=\"eael-entry-wrapper\"><header class=\"eael-entry-header\"><h5 class=\"eael-entry-title\"><a class=\"eael-grid-post-link\" href=\"https:\/\/agapovarita.com\/ru\/pgmd-diagnostika-dviems\/\" title=\"\u0414\u0438\u0430\u0433\u043d\u043e\u0441\u0442\u0438\u043a\u0430 PGMD \u0434\u043b\u044f \u0434\u0432\u043e\u0438\u0445\">\u0414\u0438\u0430\u0433\u043d\u043e\u0441\u0442\u0438\u043a\u0430 PGMD \u0434\u043b\u044f \u0434\u0432\u043e\u0438\u0445<\/a><\/h5><\/header><div class=\"eael-entry-content\">\n                        <div class=\"eael-grid-post-excerpt\"><a href=\"https:\/\/agapovarita.com\/ru\/pgmd-diagnostika-dviems\/\" class=\"eael-post-elements-readmore-btn\">\u0414\u043e\u043f\u043e\u043b\u043d\u0438\u0442\u0435\u043b\u044c\u043d\u0430\u044f \u0438\u043d\u0444\u043e\u0440\u043c\u0430\u0446\u0438\u044f<\/a><\/div>\n                    <\/div><\/div><\/div>\n        <\/div>\n    <\/article><\/div>\n            <div class=\"clearfix\"><\/div>\n        <\/div>            <div class=\"eael-load-more-button-wrap eael-force-hide\">\n                <button class=\"eael-load-more-button\" id=\"eael-load-more-btn-c70169c\" data-widget-id=\"c70169c\" data-widget=\"c70169c\" data-page-id=\"3197\" data-template=\"{&quot;dir&quot;:&quot;lite&quot;,&quot;file_name&quot;:&quot;one.php&quot;,&quot;name&quot;:&quot;Post-Grid&quot;}\" data-class=\"Essential_Addons_Elementor\\Elements\\Post_Grid\" data-layout=\"grid\" data-page=\"1\" data-args=\"orderby=date&amp;order=asc&amp;ignore_sticky_posts=1&amp;post_status=publish&amp;posts_per_page=5&amp;offset=0&amp;post_type=post\" data-max-page=\"2\">\n                    <span class=\"eael-btn-loader button__loader\"><\/span>\n                    <span class=\"eael_load_more_text\">Load More<\/span>\n                <\/button>\n            <\/div>\n            \t\t\t\t<\/div>\n\t\t\t\t<\/div>\n\t\t\t\t<div class=\"elementor-element elementor-element-7097472 elementor-widget elementor-widget-spacer\" data-id=\"7097472\" data-element_type=\"widget\" data-widget_type=\"spacer.default\">\n\t\t\t\t<div class=\"elementor-widget-container\">\n\t\t\t\t\t\t\t<div class=\"elementor-spacer\">\n\t\t\t<div class=\"elementor-spacer-inner\"><\/div>\n\t\t<\/div>\n\t\t\t\t\t\t<\/div>\n\t\t\t\t<\/div>\n\t\t\t\t<\/div>\n\t\t\t\t<\/div>\n\t\t\t\t\t<\/div>\n\t\t\t\t<\/div>\n\t\t\t\t<\/div>","protected":false},"excerpt":{"rendered":"<p>Paslaugos Regresijos sesijos Daugiau informacijos Kou\u010dingo konsultacijos Daugiau informacijos Moter\u0173 bendryst\u0117s erdv\u0117 Daugiau informacijos Stov\u0117jimas ant vini\u0173 Daugiau informacijos Psichogenetin\u0117 Metrin\u0117 Diagnostika Daugiau informacijos Load More<\/p>","protected":false},"author":1,"featured_media":0,"parent":0,"menu_order":0,"comment_status":"closed","ping_status":"closed","template":"","meta":{"_uag_custom_page_level_css":"","site-sidebar-layout":"no-sidebar","site-content-layout":"page-builder","ast-site-content-layout":"full-width-container","site-content-style":"default","site-sidebar-style":"default","ast-global-header-display":"","ast-banner-title-visibility":"","ast-main-header-display":"","ast-hfb-above-header-display":"","ast-hfb-below-header-display":"","ast-hfb-mobile-header-display":"","site-post-title":"disabled","ast-breadcrumbs-content":"","ast-featured-img":"disabled","footer-sml-layout":"","theme-transparent-header-meta":"","adv-header-id-meta":"","stick-header-meta":"","header-above-stick-meta":"","header-main-stick-meta":"","header-below-stick-meta":"","astra-migrate-meta-layouts":"set","ast-page-background-enabled":"default","ast-page-background-meta":{"desktop":{"background-color":"","background-image":"","background-repeat":"repeat","background-position":"center center","background-size":"auto","background-attachment":"scroll","background-type":"","background-media":"","overlay-type":"","overlay-color":"","overlay-opacity":"","overlay-gradient":""},"tablet":{"background-color":"","background-image":"","background-repeat":"repeat","background-position":"center center","background-size":"auto","background-attachment":"scroll","background-type":"","background-media":"","overlay-type":"","overlay-color":"","overlay-opacity":"","overlay-gradient":""},"mobile":{"background-color":"","background-image":"","background-repeat":"repeat","background-position":"center center","background-size":"auto","background-attachment":"scroll","background-type":"","background-media":"","overlay-type":"","overlay-color":"","overlay-opacity":"","overlay-gradient":""}},"ast-content-background-meta":{"desktop":{"background-color":"var(--ast-global-color-5)","background-image":"","background-repeat":"repeat","background-position":"center center","background-size":"auto","background-attachment":"scroll","background-type":"","background-media":"","overlay-type":"","overlay-color":"","overlay-opacity":"","overlay-gradient":""},"tablet":{"background-color":"var(--ast-global-color-5)","background-image":"","background-repeat":"repeat","background-position":"center center","background-size":"auto","background-attachment":"scroll","background-type":"","background-media":"","overlay-type":"","overlay-color":"","overlay-opacity":"","overlay-gradient":""},"mobile":{"background-color":"var(--ast-global-color-5)","background-image":"","background-repeat":"repeat","background-position":"center center","background-size":"auto","background-attachment":"scroll","background-type":"","background-media":"","overlay-type":"","overlay-color":"","overlay-opacity":"","overlay-gradient":""}},"footnotes":""},"class_list":["post-3197","page","type-page","status-publish","hentry"],"uagb_featured_image_src":{"full":false,"thumbnail":false,"medium":false,"medium_large":false,"large":false,"1536x1536":false,"2048x2048":false,"trp-custom-language-flag":false,"woocommerce_thumbnail":false,"woocommerce_single":false,"woocommerce_gallery_thumbnail":false},"uagb_author_info":{"display_name":"Saule Aleksandraviciute","author_link":"https:\/\/agapovarita.com\/ru\/author\/saule-aleksagmail-com\/"},"uagb_comment_info":0,"uagb_excerpt":"Paslaugos Regresijos sesijos Daugiau informacijos Kou\u010dingo konsultacijos Daugiau informacijos Moter\u0173 bendryst\u0117s erdv\u0117 Daugiau informacijos Stov\u0117jimas ant vini\u0173 Daugiau informacijos Psichogenetin\u0117 Metrin\u0117 Diagnostika Daugiau informacijos Load More","_links":{"self":[{"href":"https:\/\/agapovarita.com\/ru\/wp-json\/wp\/v2\/pages\/3197","targetHints":{"allow":["GET"]}}],"collection":[{"href":"https:\/\/agapovarita.com\/ru\/wp-json\/wp\/v2\/pages"}],"about":[{"href":"https:\/\/agapovarita.com\/ru\/wp-json\/wp\/v2\/types\/page"}],"author":[{"embeddable":true,"href":"https:\/\/agapovarita.com\/ru\/wp-json\/wp\/v2\/users\/1"}],"replies":[{"embeddable":true,"href":"https:\/\/agapovarita.com\/ru\/wp-json\/wp\/v2\/comments?post=3197"}],"version-history":[{"count":19,"href":"https:\/\/agapovarita.com\/ru\/wp-json\/wp\/v2\/pages\/3197\/revisions"}],"predecessor-version":[{"id":5040,"href":"https:\/\/agapovarita.com\/ru\/wp-json\/wp\/v2\/pages\/3197\/revisions\/5040"}],"wp:attachment":[{"href":"https:\/\/agapovarita.com\/ru\/wp-json\/wp\/v2\/media?parent=3197"}],"curies":[{"name":"wp","href":"https:\/\/api.w.org\/{rel}","templated":true}]}}