{"id":4483,"date":"2024-12-02T15:39:40","date_gmt":"2024-12-02T15:39:40","guid":{"rendered":"https:\/\/agapovarita.com\/?page_id=4483"},"modified":"2024-12-02T15:41:19","modified_gmt":"2024-12-02T15:41:19","slug":"elementor-4483","status":"publish","type":"page","link":"https:\/\/agapovarita.com\/ru\/elementor-4483\/","title":{"rendered":"Elementor #4483"},"content":{"rendered":"<div data-elementor-type=\"wp-page\" data-elementor-id=\"4483\" class=\"elementor elementor-4483\">\n\t\t\t\t<div class=\"elementor-element elementor-element-8a7d431 e-flex e-con-boxed wpr-particle-no wpr-jarallax-no wpr-parallax-no wpr-sticky-section-no e-con e-parent\" data-id=\"8a7d431\" data-element_type=\"container\">\n\t\t\t\t\t<div class=\"e-con-inner\">\n\t\t\t\t<div class=\"elementor-element elementor-element-6f107bd elementor-widget__width-inherit elementor-widget elementor-widget-heading\" data-id=\"6f107bd\" data-element_type=\"widget\" data-widget_type=\"heading.default\">\n\t\t\t\t<div class=\"elementor-widget-container\">\n\t\t\t\t\t<h2 class=\"elementor-heading-title elementor-size-default\">\u0426\u0435\u043d\u044b \u043d\u0430 \u0443\u0441\u043b\u0443\u0433\u0438<\/h2>\t\t\t\t<\/div>\n\t\t\t\t<\/div>\n\t\t<div class=\"elementor-element elementor-element-010457c e-con-full e-flex wpr-particle-no wpr-jarallax-no wpr-parallax-no wpr-sticky-section-no e-con e-child\" data-id=\"010457c\" data-element_type=\"container\">\n\t\t<div class=\"elementor-element elementor-element-b95fdba e-con-full e-flex wpr-particle-no wpr-jarallax-no wpr-parallax-no wpr-sticky-section-no e-con e-child\" data-id=\"b95fdba\" data-element_type=\"container\">\n\t\t<div class=\"elementor-element elementor-element-0280ef7 e-con-full e-flex wpr-particle-no wpr-jarallax-no wpr-parallax-no wpr-sticky-section-no e-con e-child\" data-id=\"0280ef7\" data-element_type=\"container\">\n\t\t\t\t<div class=\"elementor-element elementor-element-8772867 eael-pricing-content-align-center eael-pricing-button-align-center elementor-widget elementor-widget-eael-pricing-table\" data-id=\"8772867\" data-element_type=\"widget\" data-widget_type=\"eael-pricing-table.default\">\n\t\t\t\t<div class=\"elementor-widget-container\">\n\t\t\t\t\t                    <div class=\"eael-pricing style-1 eael-header-devider\">\n                <div class=\"eael-pricing-item\">\n                    <div class=\"header\">\n                        <h2 class=\"title\">\u0420\u0435\u0433\u0440\u0435\u0441\u0441 \u0441\u0435\u0441\u0441\u0438\u044f<\/h2>\n                    <\/div>\n                    <div class=\"eael-pricing-tag\">\n                        <span class=\"price-tag\"><del class=\"original-price\">\n                    <span class=\"price-currency\"><\/span><\/del>\n                <span class=\"sale-price\">\n                    <span class=\"price-currency\"><\/span><\/span><\/span><span class=\"price-period\"><\/span>                    <\/div>\n                    <div class=\"body\">\n                                <ul>\n                            <li class=\"eael-pricing-item-feature elementor-repeater-item-7b1eb38\">\n                    \n                                <span class=\"li-icon\">\n                <i aria-hidden=\"true\" class=\"fas fa-directions\"><\/i>            <\/span>\n\n        \n                    <span >\u041f\u0443\u0442\u0435\u0448\u0435\u0441\u0442\u0432\u0438\u0435 \u0432 \u043f\u0440\u043e\u0448\u043b\u043e\u0435, \u043e\u0442\u043a\u0440\u044b\u0432\u0430\u044e\u0449\u0435\u0435 \u0434\u0432\u0435\u0440\u0438 \u043a \u0431\u043e\u043b\u0435\u0435 \u0433\u043b\u0443\u0431\u043e\u043a\u043e\u043c\u0443 \u043f\u043e\u043d\u0438\u043c\u0430\u043d\u0438\u044e \u0441\u0435\u0431\u044f. <\/span>\n                    \n                     \n                <\/li>\n                            <li class=\"eael-pricing-item-feature elementor-repeater-item-4b52a9d\">\n                    \n                                <span class=\"li-icon\">\n                <i aria-hidden=\"true\" class=\"fas fa-map-pin\"><\/i>            <\/span>\n\n        \n                    <span >\u0420\u0430\u0441\u043a\u0440\u043e\u0439 \u043e\u0442\u0432\u0435\u0442\u044b, \u0441\u043a\u0440\u044b\u0442\u044b\u0435 \u0432 \u043f\u043e\u0434\u0441\u043e\u0437\u043d\u0430\u043d\u0438\u0438, \u043e\u0441\u0432\u043e\u0431\u043e\u0434\u0438 \u0441\u0435\u0431\u044f \u043e\u0442 \u0441\u0442\u0430\u0440\u044b\u0445 \u0431\u043b\u043e\u043a\u043e\u0432 \u0438 \u043e\u0449\u0443\u0442\u0438 \u0432\u043d\u0443\u0442\u0440\u0435\u043d\u043d\u044e\u044e \u0433\u0430\u0440\u043c\u043e\u043d\u0438\u044e. <\/span>\n                    \n                     \n                <\/li>\n                            <li class=\"eael-pricing-item-feature elementor-repeater-item-4d54cdc\">\n                    \n                                <span class=\"li-icon\">\n                <i aria-hidden=\"true\" class=\"fas fa-asterisk\"><\/i>            <\/span>\n\n        \n                    <span ><strong>\u0421\u043f\u0435\u0446\u0438\u0430\u043b\u044c\u043d\u0430\u044f \u0446\u0435\u043d\u0430 \u0434\u043e 15 \u044f\u043d\u0432\u0430\u0440\u044f \u2013 \u0432\u0441\u0435\u0433\u043e 70 \u20ac (\u0432\u043c\u0435\u0441\u0442\u043e 150 \u20ac). <\/span>\n                    \n                     \n                <\/li>\n                            <li class=\"eael-pricing-item-feature elementor-repeater-item-7092429\">\n                    \n                                <span class=\"li-icon\">\n                            <\/span>\n\n        \n                    <span ><b>\u041f\u0430\u043a\u0435\u0442 \u0438\u0437 \u0442\u0440\u0451\u0445 \u0441\u0435\u0430\u043d\u0441\u043e\u0432 \u0434\u043e 15 \u044f\u043d\u0432\u0430\u0440\u044f \u2013 210 \u20ac (\u0432\u043c\u0435\u0441\u0442\u043e 450 \u20ac).<\/span>\n                    \n                     \n                <\/li>\n                    <\/ul>\n                        <\/div>\n\t                                    <div class=\"footer\">\n                        <a class=\"eael-pricing-button\" href=\"https:\/\/agapovarita.com\/ru\/regresijos-sesijos\/\" >\n                                                                                            \u041f\u043e\u0434\u0440\u043e\u0431\u043d\u0435\u0435 \u043e \u0443\u0441\u043b\u0443\u0433\u0435                                                    <\/a>\n                    <\/div>\n                                    <\/div>\n            <\/div>\n                    \t\t\t\t<\/div>\n\t\t\t\t<\/div>\n\t\t\t\t<\/div>\n\t\t<div class=\"elementor-element elementor-element-a279de4 e-con-full e-flex wpr-particle-no wpr-jarallax-no wpr-parallax-no wpr-sticky-section-no e-con e-child\" data-id=\"a279de4\" data-element_type=\"container\">\n\t\t\t\t<div class=\"elementor-element elementor-element-898e8d5 eael-pricing-content-align-center eael-pricing-button-align-center elementor-widget elementor-widget-eael-pricing-table\" data-id=\"898e8d5\" data-element_type=\"widget\" data-widget_type=\"eael-pricing-table.default\">\n\t\t\t\t<div class=\"elementor-widget-container\">\n\t\t\t\t\t                    <div class=\"eael-pricing style-1 eael-header-devider\">\n                <div class=\"eael-pricing-item\">\n                    <div class=\"header\">\n                        <h2 class=\"title\">\u041a\u043e\u0443\u0447 \u0441\u0435\u0441\u0441\u0438\u044f<\/h2>\n                    <\/div>\n                    <div class=\"eael-pricing-tag\">\n                        <span class=\"price-tag\"><span class=\"original-price\"><span class=\"price-currency\"><\/span><\/span><\/span><span class=\"price-period\"><\/span>                    <\/div>\n                    <div class=\"body\">\n                                <ul>\n                            <li class=\"eael-pricing-item-feature elementor-repeater-item-7b1eb38\">\n                    \n                                <span class=\"li-icon\">\n                <i aria-hidden=\"true\" class=\"fas fa-directions\"><\/i>            <\/span>\n\n        \n                    <span >\u041e\u0431\u0440\u0435\u0442\u0438 \u044f\u0441\u043d\u043e\u0441\u0442\u044c \u0438 \u0441\u0438\u043b\u0443 \u0434\u043b\u044f \u0434\u043e\u0441\u0442\u0438\u0436\u0435\u043d\u0438\u044f \u0441\u0432\u043e\u0438\u0445 \u0446\u0435\u043b\u0435\u0439! <\/span>\n                    \n                     \n                <\/li>\n                            <li class=\"eael-pricing-item-feature elementor-repeater-item-4b52a9d\">\n                    \n                                <span class=\"li-icon\">\n                <i aria-hidden=\"true\" class=\"fas fa-map-pin\"><\/i>            <\/span>\n\n        \n                    <span >\u0418\u043d\u0434\u0438\u0432\u0438\u0434\u0443\u0430\u043b\u044c\u043d\u0430\u044f \u0431\u0435\u0441\u0435\u0434\u0430 \u043f\u043e\u043c\u043e\u0436\u0435\u0442 \u043f\u0440\u0435\u043e\u0434\u043e\u043b\u0435\u0442\u044c \u0441\u043e\u043c\u043d\u0435\u043d\u0438\u044f, \u043e\u0442\u043a\u0440\u044b\u0442\u044c \u043d\u043e\u0432\u044b\u0435 \u0432\u043e\u0437\u043c\u043e\u0436\u043d\u043e\u0441\u0442\u0438 \u0438 \u0443\u0432\u0435\u0440\u0435\u043d\u043d\u043e \u0434\u0432\u0438\u0433\u0430\u0442\u044c\u0441\u044f \u0432\u043f\u0435\u0440\u0451\u0434. <\/span>\n                    \n                     \n                <\/li>\n                            <li class=\"eael-pricing-item-feature elementor-repeater-item-4d54cdc\">\n                    \n                                <span class=\"li-icon\">\n                <i aria-hidden=\"true\" class=\"fas fa-asterisk\"><\/i>            <\/span>\n\n        \n                    <span ><strong>\u0418\u043d\u0432\u0435\u0441\u0442\u0438\u0446\u0438\u044f \u0432 \u0441\u0435\u0431\u044f \u2013 \u0432\u0441\u0435\u0433\u043e 50 \u20ac.<\/span>\n                    \n                     \n                <\/li>\n                            <li class=\"eael-pricing-item-feature elementor-repeater-item-a04fdda\">\n                    \n                                <span class=\"li-icon\">\n                            <\/span>\n\n        \n                    <span ><strong>\u041f\u0430\u043a\u0435\u0442 \u0438\u0437 \u0442\u0440\u0451\u0445 \u0441\u0435\u0430\u043d\u0441\u043e\u0432 \u2013 130 \u20ac.<\/span>\n                    \n                     \n                <\/li>\n                    <\/ul>\n                        <\/div>\n\t                                    <div class=\"footer\">\n                        <a class=\"eael-pricing-button\" href=\"https:\/\/agapovarita.com\/ru\/regresijos-sesijos\/\" >\n                                                                                            \u041f\u043e\u0434\u0440\u043e\u0431\u043d\u0435\u0435 \u043e \u0443\u0441\u043b\u0443\u0433\u0435                                                    <\/a>\n                    <\/div>\n                                    <\/div>\n            <\/div>\n                    \t\t\t\t<\/div>\n\t\t\t\t<\/div>\n\t\t\t\t<\/div>\n\t\t\t\t<\/div>\n\t\t<div class=\"elementor-element elementor-element-4eba56c e-con-full e-flex wpr-particle-no wpr-jarallax-no wpr-parallax-no wpr-sticky-section-no e-con e-child\" data-id=\"4eba56c\" data-element_type=\"container\">\n\t\t<div class=\"elementor-element elementor-element-0957639 e-con-full e-flex wpr-particle-no wpr-jarallax-no wpr-parallax-no wpr-sticky-section-no e-con e-child\" data-id=\"0957639\" data-element_type=\"container\">\n\t\t\t\t<div class=\"elementor-element elementor-element-bef219f eael-pricing-content-align-center eael-pricing-button-align-center elementor-widget elementor-widget-eael-pricing-table\" data-id=\"bef219f\" data-element_type=\"widget\" data-widget_type=\"eael-pricing-table.default\">\n\t\t\t\t<div class=\"elementor-widget-container\">\n\t\t\t\t\t                    <div class=\"eael-pricing style-1 eael-header-devider\">\n                <div class=\"eael-pricing-item\">\n                    <div class=\"header\">\n                        <h2 class=\"title\">\u0416\u0435\u043d\u0441\u043a\u043e\u0435 \u043f\u0440\u043e\u0441\u0442\u0440\u0430\u043d\u0441\u0442\u0432\u043e \u0435\u0434\u0438\u043d\u0441\u0442\u0432\u0430<\/h2>\n                    <\/div>\n                    <div class=\"eael-pricing-tag\">\n                        <span class=\"price-tag\"><span class=\"original-price\"><span class=\"price-currency\"><\/span><\/span><\/span><span class=\"price-period\"><\/span>                    <\/div>\n                    <div class=\"body\">\n                                <ul>\n                            <li class=\"eael-pricing-item-feature elementor-repeater-item-7b1eb38\">\n                    \n                                <span class=\"li-icon\">\n                <i aria-hidden=\"true\" class=\"fas fa-directions\"><\/i>            <\/span>\n\n        \n                    <span >\u0422\u0432\u043e\u0435 \u0432\u0440\u0435\u043c\u044f \u0434\u043b\u044f \u0440\u0430\u0441\u0441\u043b\u0430\u0431\u043b\u0435\u043d\u0438\u044f, \u0432\u0434\u043e\u0445\u043d\u043e\u0432\u0435\u043d\u0438\u044f \u0438 \u0440\u043e\u0441\u0442\u0430 \u0432 \u043a\u0440\u0443\u0433\u0443 \u0435\u0434\u0438\u043d\u043e\u043c\u044b\u0448\u043b\u0435\u043d\u043d\u0438\u0446. <\/span>\n                    \n                     \n                <\/li>\n                            <li class=\"eael-pricing-item-feature elementor-repeater-item-4b52a9d\">\n                    \n                                <span class=\"li-icon\">\n                <i aria-hidden=\"true\" class=\"fas fa-map-pin\"><\/i>            <\/span>\n\n        \n                    <span >\u041a\u0430\u0436\u0434\u0430\u044f \u0432\u0441\u0442\u0440\u0435\u0447\u0430 \u2013 \u044d\u0442\u043e \u0443\u043d\u0438\u043a\u0430\u043b\u044c\u043d\u0430\u044f \u0442\u0435\u043c\u0430, \u0430\u043a\u0442\u0438\u0432\u043d\u043e\u0441\u0442\u0438 \u0438 \u043e\u043f\u044b\u0442, \u043e\u0431\u043e\u0433\u0430\u0449\u0430\u044e\u0449\u0438\u0435 \u0442\u0432\u043e\u0439 \u0432\u043d\u0443\u0442\u0440\u0435\u043d\u043d\u0438\u0439 \u043c\u0438\u0440. <\/span>\n                    \n                     \n                <\/li>\n                            <li class=\"eael-pricing-item-feature elementor-repeater-item-4d54cdc\">\n                    \n                                <span class=\"li-icon\">\n                <i aria-hidden=\"true\" class=\"fas fa-asterisk\"><\/i>            <\/span>\n\n        \n                    <span ><strong>\u0420\u0430\u0437\u043e\u0432\u043e\u0435 \u043f\u043e\u0441\u0435\u0449\u0435\u043d\u0438\u0435 \u043e\u0442 35 \u20ac (\u0446\u0435\u043d\u0430 \u0437\u0430\u0432\u0438\u0441\u0438\u0442 \u043e\u0442 \u0442\u0435\u043c\u044b \u0438 \u043f\u0440\u043e\u0433\u0440\u0430\u043c\u043c\u044b).<\/span>\n                    \n                     \n                <\/li>\n                            <li class=\"eael-pricing-item-feature elementor-repeater-item-540e6b5\">\n                    \n                                <span class=\"li-icon\">\n                <i aria-hidden=\"true\" class=\"fas fa-asterisk\"><\/i>            <\/span>\n\n        \n                    <span ><strong>\u041f\u0430\u043a\u0435\u0442 \u0438\u0437 \u0442\u0440\u0451\u0445 \u0432\u0441\u0442\u0440\u0435\u0447 \u2013 90 \u20ac.<\/span>\n                    \n                     \n                <\/li>\n                    <\/ul>\n                        <\/div>\n\t                                    <div class=\"footer\">\n                        <a class=\"eael-pricing-button\" href=\"https:\/\/agapovarita.com\/ru\/regresijos-sesijos\/\" >\n                                                                                            \u041f\u043e\u0434\u0440\u043e\u0431\u043d\u0435\u0435 \u043e \u0443\u0441\u043b\u0443\u0433\u0435                                                    <\/a>\n                    <\/div>\n                                    <\/div>\n            <\/div>\n                    \t\t\t\t<\/div>\n\t\t\t\t<\/div>\n\t\t\t\t<\/div>\n\t\t<div class=\"elementor-element elementor-element-f0dc128 e-con-full e-flex wpr-particle-no wpr-jarallax-no wpr-parallax-no wpr-sticky-section-no e-con e-child\" data-id=\"f0dc128\" data-element_type=\"container\">\n\t\t\t\t<div class=\"elementor-element elementor-element-965007b eael-pricing-content-align-center eael-pricing-button-align-center elementor-widget elementor-widget-eael-pricing-table\" data-id=\"965007b\" data-element_type=\"widget\" data-widget_type=\"eael-pricing-table.default\">\n\t\t\t\t<div class=\"elementor-widget-container\">\n\t\t\t\t\t                    <div class=\"eael-pricing style-1 eael-header-devider\">\n                <div class=\"eael-pricing-item\">\n                    <div class=\"header\">\n                        <h2 class=\"title\">\u0421\u0442\u043e\u044f\u043d\u0438\u0435 \u043d\u0430 \u0433\u0432\u043e\u0437\u0434\u044f\u0445<\/h2>\n                    <\/div>\n                    <div class=\"eael-pricing-tag\">\n                        <span class=\"price-tag\"><span class=\"original-price\"><span class=\"price-currency\"><\/span><\/span><\/span><span class=\"price-period\"><\/span>                    <\/div>\n                    <div class=\"body\">\n                                <ul>\n                            <li class=\"eael-pricing-item-feature elementor-repeater-item-7b1eb38\">\n                    \n                                <span class=\"li-icon\">\n                <i aria-hidden=\"true\" class=\"fas fa-directions\"><\/i>            <\/span>\n\n        \n                    <span >\u0418\u0441\u043f\u044b\u0442\u0430\u0439 \u0441\u0435\u0431\u044f \u0438 \u043e\u0442\u043a\u0440\u043e\u0439 \u0432\u043d\u0443\u0442\u0440\u0435\u043d\u043d\u044e\u044e \u0441\u0438\u043b\u0443! <\/span>\n                    \n                     \n                <\/li>\n                            <li class=\"eael-pricing-item-feature elementor-repeater-item-4b52a9d\">\n                    \n                                <span class=\"li-icon\">\n                <i aria-hidden=\"true\" class=\"fas fa-map-pin\"><\/i>            <\/span>\n\n        \n                    <span >\u042d\u0442\u0430 \u0443\u043d\u0438\u043a\u0430\u043b\u044c\u043d\u0430\u044f \u043f\u0440\u0430\u043a\u0442\u0438\u043a\u0430 \u043f\u043e\u043c\u043e\u0433\u0430\u0435\u0442 \u043f\u0440\u0435\u043e\u0434\u043e\u043b\u0435\u0442\u044c \u0441\u0442\u0440\u0430\u0445\u0438, \u0443\u0441\u043f\u043e\u043a\u043e\u0438\u0442\u044c \u0440\u0430\u0437\u0443\u043c \u0438 \u0443\u043a\u0440\u0435\u043f\u0438\u0442\u044c \u0443\u0432\u0435\u0440\u0435\u043d\u043d\u043e\u0441\u0442\u044c \u0432 \u0441\u0435\u0431\u0435. <\/span>\n                    \n                     \n                <\/li>\n                            <li class=\"eael-pricing-item-feature elementor-repeater-item-4d54cdc\">\n                    \n                                <span class=\"li-icon\">\n                <i aria-hidden=\"true\" class=\"fas fa-asterisk\"><\/i>            <\/span>\n\n        \n                    <span ><strong>\u0420\u0430\u0441\u043a\u0440\u043e\u0439 \u0441\u0432\u043e\u0439 \u043f\u043e\u0442\u0435\u043d\u0446\u0438\u0430\u043b \u0432\u0441\u0435\u0433\u043e \u0437\u0430 45 \u20ac!<br><\/br><\/span>\n                    \n                     \n                <\/li>\n                            <li class=\"eael-pricing-item-feature elementor-repeater-item-5f7b371\">\n                    \n                                <span class=\"li-icon\">\n                            <\/span>\n\n        \n                    <span ><strong>\u041f\u0430\u043a\u0435\u0442 \u0438\u0437 \u0442\u0440\u0451\u0445 \u0441\u0435\u0430\u043d\u0441\u043e\u0432 \u2013 120 \u20ac.<\/span>\n                    \n                     \n                <\/li>\n                    <\/ul>\n                        <\/div>\n\t                                    <div class=\"footer\">\n                        <a class=\"eael-pricing-button\" href=\"https:\/\/agapovarita.com\/ru\/regresijos-sesijos\/\" >\n                                                                                            \u041f\u043e\u0434\u0440\u043e\u0431\u043d\u0435\u0435 \u043e \u0443\u0441\u043b\u0443\u0433\u0435                                                    <\/a>\n                    <\/div>\n                                    <\/div>\n            <\/div>\n                    \t\t\t\t<\/div>\n\t\t\t\t<\/div>\n\t\t\t\t<\/div>\n\t\t\t\t<\/div>\n\t\t\t\t<\/div>\n\t\t\t\t\t<\/div>\n\t\t\t\t<\/div>\n\t\t\t\t<\/div>","protected":false},"excerpt":{"rendered":"<p>Paslaug\u0173 kainora\u0161tis Regresin\u0117 sesija Kelion\u0117 \u012f praeit\u012f, atverianti duris \u012f gilesn\u012f sav\u0119s supratim\u0105. Atskleisk pas\u0105mon\u0117je slypin\u010dius atsakymus, i\u0161laisvink save nuo sen\u0173 blok\u0173 ir pajusk vidin\u0119 harmonij\u0105. Dabar ypatinga kaina \u2013 iki sausio 15 dienos tik 70 \u20ac (vietoj 150 \u20ac). Trij\u0173 sesij\u0173 paketas iki sausio 15 dienos 210 \u20ac vietoj 450 \u20ac Skaityti apie paslaug\u0105 Kou\u010dingo sesija Atrask ai\u0161kum\u0105 ir stipryb\u0119 savo tikslams pasiekti! Asmeninis pokalbis pad\u0117s \u012fveikti abejones, atrasti naujas galimybes ir jud\u0117ti \u012f priek\u012f u\u017etikrintai. Investuok \u012f save \u2013 kaina tik 50 \u20ac. Trij\u0173 sesij\u0173 paketas 130 \u20ac Skaityti apie paslaug\u0105 Moter\u0173 bendryst\u0117s erdv\u0117 Tavo laikas atsipalaiduoti, \u012fsikv\u0117pti ir augti tarp bendramin\u010di\u0173. Kiekvienas susitikimas \u2013 unikali tema, veiklos ir patirtys, kurios praturtins tavo vidin\u012f pasaul\u012f. Vienkartinis apsilankymas nuo 35 \u20ac, kaina priklauso nuo temos ir programos. Atrask savo erdv\u0119! Trij\u0173 susitikim\u0173 paketas 90 \u20ac Skaityti apie paslaug\u0105 Stov\u0117jimas ant vini\u0173 I\u0161bandyk save ir atrask vidin\u0119 stipryb\u0119! \u0160i unikali praktika padeda \u012fveikti baimes, nuraminti mintis ir sustiprinti pasitik\u0117jim\u0105 savimi. I\u0161laisvink savo potencial\u0105 u\u017e 45 \u20ac! Trij\u0173 sesij\u0173 paketas 120 \u20ac Skaityti apie paslaug\u0105<\/p>","protected":false},"author":1,"featured_media":0,"parent":0,"menu_order":0,"comment_status":"closed","ping_status":"closed","template":"","meta":{"_uag_custom_page_level_css":"","site-sidebar-layout":"no-sidebar","site-content-layout":"page-builder","ast-site-content-layout":"full-width-container","site-content-style":"default","site-sidebar-style":"default","ast-global-header-display":"","ast-banner-title-visibility":"","ast-main-header-display":"","ast-hfb-above-header-display":"","ast-hfb-below-header-display":"","ast-hfb-mobile-header-display":"","site-post-title":"disabled","ast-breadcrumbs-content":"","ast-featured-img":"disabled","footer-sml-layout":"","theme-transparent-header-meta":"","adv-header-id-meta":"","stick-header-meta":"","header-above-stick-meta":"","header-main-stick-meta":"","header-below-stick-meta":"","astra-migrate-meta-layouts":"set","ast-page-background-enabled":"default","ast-page-background-meta":{"desktop":{"background-color":"","background-image":"","background-repeat":"repeat","background-position":"center center","background-size":"auto","background-attachment":"scroll","background-type":"","background-media":"","overlay-type":"","overlay-color":"","overlay-opacity":"","overlay-gradient":""},"tablet":{"background-color":"","background-image":"","background-repeat":"repeat","background-position":"center center","background-size":"auto","background-attachment":"scroll","background-type":"","background-media":"","overlay-type":"","overlay-color":"","overlay-opacity":"","overlay-gradient":""},"mobile":{"background-color":"","background-image":"","background-repeat":"repeat","background-position":"center center","background-size":"auto","background-attachment":"scroll","background-type":"","background-media":"","overlay-type":"","overlay-color":"","overlay-opacity":"","overlay-gradient":""}},"ast-content-background-meta":{"desktop":{"background-color":"var(--ast-global-color-5)","background-image":"","background-repeat":"repeat","background-position":"center center","background-size":"auto","background-attachment":"scroll","background-type":"","background-media":"","overlay-type":"","overlay-color":"","overlay-opacity":"","overlay-gradient":""},"tablet":{"background-color":"var(--ast-global-color-5)","background-image":"","background-repeat":"repeat","background-position":"center center","background-size":"auto","background-attachment":"scroll","background-type":"","background-media":"","overlay-type":"","overlay-color":"","overlay-opacity":"","overlay-gradient":""},"mobile":{"background-color":"var(--ast-global-color-5)","background-image":"","background-repeat":"repeat","background-position":"center center","background-size":"auto","background-attachment":"scroll","background-type":"","background-media":"","overlay-type":"","overlay-color":"","overlay-opacity":"","overlay-gradient":""}},"footnotes":""},"class_list":["post-4483","page","type-page","status-publish","hentry"],"uagb_featured_image_src":{"full":false,"thumbnail":false,"medium":false,"medium_large":false,"large":false,"1536x1536":false,"2048x2048":false,"trp-custom-language-flag":false,"woocommerce_thumbnail":false,"woocommerce_single":false,"woocommerce_gallery_thumbnail":false},"uagb_author_info":{"display_name":"Saule Aleksandraviciute","author_link":"https:\/\/agapovarita.com\/ru\/author\/saule-aleksagmail-com\/"},"uagb_comment_info":0,"uagb_excerpt":"Paslaug\u0173 kainora\u0161tis Regresin\u0117 sesija Kelion\u0117 \u012f praeit\u012f, atverianti duris \u012f gilesn\u012f sav\u0119s supratim\u0105. Atskleisk pas\u0105mon\u0117je slypin\u010dius atsakymus, i\u0161laisvink save nuo sen\u0173 blok\u0173 ir pajusk vidin\u0119 harmonij\u0105. Dabar ypatinga kaina \u2013 iki sausio 15 dienos tik 70 \u20ac (vietoj 150 \u20ac). Trij\u0173 sesij\u0173 paketas iki sausio 15 dienos 210 \u20ac vietoj 450 \u20ac Skaityti apie paslaug\u0105&hellip;","_links":{"self":[{"href":"https:\/\/agapovarita.com\/ru\/wp-json\/wp\/v2\/pages\/4483","targetHints":{"allow":["GET"]}}],"collection":[{"href":"https:\/\/agapovarita.com\/ru\/wp-json\/wp\/v2\/pages"}],"about":[{"href":"https:\/\/agapovarita.com\/ru\/wp-json\/wp\/v2\/types\/page"}],"author":[{"embeddable":true,"href":"https:\/\/agapovarita.com\/ru\/wp-json\/wp\/v2\/users\/1"}],"replies":[{"embeddable":true,"href":"https:\/\/agapovarita.com\/ru\/wp-json\/wp\/v2\/comments?post=4483"}],"version-history":[{"count":10,"href":"https:\/\/agapovarita.com\/ru\/wp-json\/wp\/v2\/pages\/4483\/revisions"}],"predecessor-version":[{"id":4494,"href":"https:\/\/agapovarita.com\/ru\/wp-json\/wp\/v2\/pages\/4483\/revisions\/4494"}],"wp:attachment":[{"href":"https:\/\/agapovarita.com\/ru\/wp-json\/wp\/v2\/media?parent=4483"}],"curies":[{"name":"wp","href":"https:\/\/api.w.org\/{rel}","templated":true}]}}