{"id":3394,"date":"2024-11-13T09:14:39","date_gmt":"2024-11-13T09:14:39","guid":{"rendered":"https:\/\/agapovarita.com\/?post_type=product&#038;p=3394"},"modified":"2025-10-14T05:57:48","modified_gmt":"2025-10-14T05:57:48","slug":"dovanu-kuponas","status":"publish","type":"product","link":"https:\/\/agapovarita.com\/ru\/product\/dovanu-kuponas\/","title":{"rendered":"\u041f\u043e\u0434\u0430\u0440\u043e\u0447\u043d\u044b\u0439 \u0441\u0435\u0440\u0442\u0438\u0444\u0438\u043a\u0430\u0442"},"content":{"rendered":"<div data-elementor-type=\"wp-post\" data-elementor-id=\"3394\" class=\"elementor elementor-3394\">\n\t\t\t\t<div class=\"elementor-element elementor-element-2e0743e e-flex e-con-boxed wpr-particle-no wpr-jarallax-no wpr-parallax-no wpr-sticky-section-no e-con e-parent\" data-id=\"2e0743e\" data-element_type=\"container\" data-settings=\"{&quot;background_background&quot;:&quot;classic&quot;}\">\n\t\t\t\t\t<div class=\"e-con-inner\">\n\t\t<div class=\"elementor-element elementor-element-d721711 e-con-full e-flex wpr-particle-no wpr-jarallax-no wpr-parallax-no wpr-sticky-section-no e-con e-child\" data-id=\"d721711\" data-element_type=\"container\">\n\t\t\t\t<div class=\"elementor-element elementor-element-5481428 elementor-widget elementor-widget-heading\" data-id=\"5481428\" data-element_type=\"widget\" data-widget_type=\"heading.default\">\n\t\t\t\t<div class=\"elementor-widget-container\">\n\t\t\t\t\t<h2 class=\"elementor-heading-title elementor-size-default\">\u0418\u043d\u0444\u043e\u0440\u043c\u0430\u0446\u0438\u044f \u043e \u043f\u043e\u0434\u0430\u0440\u043e\u0447\u043d\u043e\u043c \u0441\u0435\u0440\u0442\u0438\u0444\u0438\u043a\u0430\u0442\u0435\n<\/h2>\t\t\t\t<\/div>\n\t\t\t\t<\/div>\n\t\t\t\t<div class=\"elementor-element elementor-element-f86a4ec elementor-widget elementor-widget-elementskit-accordion\" data-id=\"f86a4ec\" data-element_type=\"widget\" data-widget_type=\"elementskit-accordion.default\">\n\t\t\t\t<div class=\"elementor-widget-container\">\n\t\t\t\t\t<div class=\"ekit-wid-con\" >\n        <div class=\"elementskit-accordion accordion-4\" id=\"accordion-69d272c493d39\">\n\n            \n                <div class=\"elementskit-card\">\n                    <div class=\"elementskit-card-header\" id=\"primaryHeading-0-f86a4ec\">\n                        <a href=\"#collapse-161efaf69d272c493d39\" class=\"ekit-accordion--toggler elementskit-btn-link collapsed\" data-ekit-toggle=\"collapse\" data-target=\"#Collapse-161efaf69d272c493d39\" aria-expanded=\"false\" aria-controls=\"Collapse-161efaf69d272c493d39\">\n                                                            <div class=\"ekit_accordion_icon_left_group\">\n                                    <div class=\"ekit_accordion_normal_icon\">\n                                        <!-- Normal Icon -->\n                                        <i class=\"icon icon-arrow-right\"><\/i>                                    <\/div>\n\n                                    <div class=\"ekit_accordion_active_icon\">\n                                        <!-- Active Icon -->\n\t\t\t\t\t\t\t\t\t\t<i class=\"icon icon-arrow-right\"><\/i>                                    <\/div>\n                                <\/div>\n\n                            \n                            <span class=\"ekit-accordion-title\">\u0418\u0441\u043f\u043e\u043b\u044c\u0437\u043e\u0432\u0430\u043d\u0438\u0435 \u043a\u0443\u043f\u043e\u043d\u0430:<\/span>\n\n                            \n                                                    <\/a>\n                    <\/div>\n\n                    <div id=\"Collapse-161efaf69d272c493d39\" class=\"collapse\" aria-labelledby=\"primaryHeading-0-f86a4ec\" data-parent=\"#accordion-69d272c493d39\">\n\n                        <div class=\"elementskit-card-body ekit-accordion--content\">\n                            <p>\u0421\u0435\u0440\u0442\u0438\u0444\u0438\u043a\u0430\u0442 \u043c\u043e\u0436\u043d\u043e \u0438\u0441\u043f\u043e\u043b\u044c\u0437\u043e\u0432\u0430\u0442\u044c \u0434\u043b\u044f \u0432\u0441\u0435\u0445 \u043d\u0430\u0448\u0438\u0445 \u0443\u0441\u043b\u0443\u0433 \u0438 \u043f\u0440\u043e\u0434\u0443\u043a\u0442\u043e\u0432, \u043d\u0435\u0437\u0430\u0432\u0438\u0441\u0438\u043c\u043e \u043e\u0442 \u0445\u0430\u0440\u0430\u043a\u0442\u0435\u0440\u0430 \u043a\u043e\u043d\u0441\u0443\u043b\u044c\u0442\u0430\u0446\u0438\u0439 (\u0438\u043d\u0434\u0438\u0432\u0438\u0434\u0443\u0430\u043b\u044c\u043d\u044b\u0445 \u0438\u043b\u0438 \u0433\u0440\u0443\u043f\u043f\u043e\u0432\u044b\u0445).<\/p><p>\u041f\u043e\u0441\u043b\u0435 \u043f\u0440\u0438\u043e\u0431\u0440\u0435\u0442\u0435\u043d\u0438\u044f \u0441\u0435\u0440\u0442\u0438\u0444\u0438\u043a\u0430\u0442\u0430 \u043f\u043e\u043b\u0443\u0447\u0430\u0442\u0435\u043b\u044c \u043f\u043e\u043b\u0443\u0447\u0438\u0442 \u0443\u043d\u0438\u043a\u0430\u043b\u044c\u043d\u044b\u0439 \u043a\u043e\u0434, \u043a\u043e\u0442\u043e\u0440\u044b\u0439 \u043c\u043e\u0436\u043d\u043e \u0443\u043a\u0430\u0437\u0430\u0442\u044c \u043f\u0440\u0438 \u0440\u0435\u0433\u0438\u0441\u0442\u0440\u0430\u0446\u0438\u0438 \u043d\u0430 \u043d\u0430\u0448\u0438 \u0443\u0441\u043b\u0443\u0433\u0438 \u0438\u043b\u0438 \u043f\u0440\u0438\u043e\u0431\u0440\u0435\u0442\u0435\u043d\u0438\u0438 \u043f\u0440\u043e\u0434\u0443\u043a\u0442\u043e\u0432 \u043d\u0430 \u043d\u0430\u0448\u0435\u043c \u0441\u0430\u0439\u0442\u0435 \u0438\u043b\u0438 \u0432\u043e \u0432\u0440\u0435\u043c\u044f \u043e\u043d\u043b\u0430\u0439\u043d-\u0432\u0441\u0442\u0440\u0435\u0447\u0438. \u042d\u0442\u043e\u0442 \u043a\u043e\u0434 \u043c\u043e\u0436\u043d\u043e \u0438\u0441\u043f\u043e\u043b\u044c\u0437\u043e\u0432\u0430\u0442\u044c \u0442\u043e\u043b\u044c\u043a\u043e \u043e\u0434\u0438\u043d \u0440\u0430\u0437.<\/p><p><strong>\u0421\u0435\u0440\u0442\u0438\u0444\u0438\u043a\u0430\u0442 \u043d\u0435\u043b\u044c\u0437\u044f \u043e\u0431\u043c\u0435\u043d\u044f\u0442\u044c \u043d\u0430 \u0434\u0435\u043d\u044c\u0433\u0438, \u043e\u0434\u043d\u0430\u043a\u043e \u043c\u043e\u0436\u043d\u043e \u0434\u043e\u043f\u043b\u0430\u0442\u0438\u0442\u044c, \u0435\u0441\u043b\u0438 \u0432\u044b\u0431\u0440\u0430\u043d\u043d\u0430\u044f \u0443\u0441\u043b\u0443\u0433\u0430 \u0441\u0442\u043e\u0438\u0442 \u0434\u043e\u0440\u043e\u0436\u0435. <\/strong><\/p>                        <\/div>\n\n                    <\/div>\n\n                <\/div><!-- .elementskit-card END -->\n\n                \n                <div class=\"elementskit-card\">\n                    <div class=\"elementskit-card-header\" id=\"primaryHeading-1-f86a4ec\">\n                        <a href=\"#collapse-452907e69d272c493d39\" class=\"ekit-accordion--toggler elementskit-btn-link collapsed\" data-ekit-toggle=\"collapse\" data-target=\"#Collapse-452907e69d272c493d39\" aria-expanded=\"false\" aria-controls=\"Collapse-452907e69d272c493d39\">\n                                                            <div class=\"ekit_accordion_icon_left_group\">\n                                    <div class=\"ekit_accordion_normal_icon\">\n                                        <!-- Normal Icon -->\n                                        <i class=\"icon icon-arrow-right\"><\/i>                                    <\/div>\n\n                                    <div class=\"ekit_accordion_active_icon\">\n                                        <!-- Active Icon -->\n\t\t\t\t\t\t\t\t\t\t<i class=\"icon icon-arrow-right\"><\/i>                                    <\/div>\n                                <\/div>\n\n                            \n                            <span class=\"ekit-accordion-title\">\u0414\u0430\u0442\u0430 \u043e\u043a\u043e\u043d\u0447\u0430\u043d\u0438\u044f \u0441\u0440\u043e\u043a\u0430:<\/span>\n\n                            \n                                                    <\/a>\n                    <\/div>\n\n                    <div id=\"Collapse-452907e69d272c493d39\" class=\"collapse\" aria-labelledby=\"primaryHeading-1-f86a4ec\" data-parent=\"#accordion-69d272c493d39\">\n\n                        <div class=\"elementskit-card-body ekit-accordion--content\">\n                            <p>\u0421\u0435\u0440\u0442\u0438\u0444\u0438\u043a\u0430\u0442 \u0434\u0435\u0439\u0441\u0442\u0432\u0438\u0442\u0435\u043b\u0435\u043d \u0432 \u0442\u0435\u0447\u0435\u043d\u0438\u0435 6 \u043c\u0435\u0441\u044f\u0446\u0435\u0432 \u0441 \u0434\u0430\u0442\u044b \u0435\u0433\u043e \u043f\u0440\u0438\u043e\u0431\u0440\u0435\u0442\u0435\u043d\u0438\u044f, \u0447\u0442\u043e \u043f\u043e\u0437\u0432\u043e\u043b\u044f\u0435\u0442 \u043f\u043e\u043b\u0443\u0447\u0430\u0442\u0435\u043b\u044e \u0432\u044b\u0431\u0440\u0430\u0442\u044c \u0443\u0434\u043e\u0431\u043d\u043e\u0435 \u0432\u0440\u0435\u043c\u044f \u0434\u043b\u044f \u043f\u043e\u0441\u0435\u0449\u0435\u043d\u0438\u044f \u0441\u0435\u0440\u0442\u0438\u0444\u0438\u0446\u0438\u0440\u043e\u0432\u0430\u043d\u043d\u043e\u0433\u043e \u0442\u0435\u0440\u0430\u043f\u0435\u0432\u0442\u0430.<\/p>                        <\/div>\n\n                    <\/div>\n\n                <\/div><!-- .elementskit-card END -->\n\n                                        <\/div>\n    <\/div>\t\t\t\t<\/div>\n\t\t\t\t<\/div>\n\t\t\t\t<\/div>\n\t\t\t\t\t<\/div>\n\t\t\t\t<\/div>\n\t\t\t\t<\/div>","protected":false},"excerpt":{"rendered":"<p>\u041f\u043e\u0434\u0430\u0440\u0438\u0442\u0435 \u0437\u0430\u0431\u043e\u0442\u0443 \u0438 \u043f\u043e\u043a\u043e\u0439 \u0441\u0432\u043e\u0438\u043c \u0431\u043b\u0438\u0437\u043a\u0438\u043c! \u042d\u0442\u043e\u0442 \u043f\u043e\u0434\u0430\u0440\u043e\u0447\u043d\u044b\u0439 \u0441\u0435\u0440\u0442\u0438\u0444\u0438\u043a\u0430\u0442 \u0434\u0430\u0451\u0442 \u0432\u043e\u0437\u043c\u043e\u0436\u043d\u043e\u0441\u0442\u044c \u0432\u043e\u0441\u043f\u043e\u043b\u044c\u0437\u043e\u0432\u0430\u0442\u044c\u0441\u044f \u043f\u0440\u043e\u0444\u0435\u0441\u0441\u0438\u043e\u043d\u0430\u043b\u044c\u043d\u044b\u043c\u0438 \u043a\u043e\u043d\u0441\u0443\u043b\u044c\u0442\u0430\u0446\u0438\u044f\u043c\u0438, \u043d\u0430\u043f\u0440\u0430\u0432\u043b\u0435\u043d\u043d\u044b\u043c\u0438 \u043d\u0430 \u0443\u043a\u0440\u0435\u043f\u043b\u0435\u043d\u0438\u0435 \u044d\u043c\u043e\u0446\u0438\u043e\u043d\u0430\u043b\u044c\u043d\u043e\u0433\u043e \u0437\u0434\u043e\u0440\u043e\u0432\u044c\u044f, \u0441\u0430\u043c\u043e\u043f\u043e\u0437\u043d\u0430\u043d\u0438\u0435 \u0438 \u0443\u043b\u0443\u0447\u0448\u0435\u043d\u0438\u0435 \u043a\u0430\u0447\u0435\u0441\u0442\u0432\u0430 \u0436\u0438\u0437\u043d\u0438. \u042d\u0442\u043e \u0443\u043d\u0438\u043a\u0430\u043b\u044c\u043d\u044b\u0439 \u043f\u043e\u0434\u0430\u0440\u043e\u043a \u0434\u043b\u044f \u0442\u0435\u0445, \u043a\u043e\u043c\u0443 \u0432\u044b \u0445\u043e\u0442\u0438\u0442\u0435 \u043f\u043e\u043c\u043e\u0447\u044c \u043e\u0431\u0440\u0435\u0441\u0442\u0438 \u0432\u043d\u0443\u0442\u0440\u0435\u043d\u043d\u0435\u0435 \u0440\u0430\u0432\u043d\u043e\u0432\u0435\u0441\u0438\u0435 \u0438 \u0441\u0438\u043b\u0443.<\/p>\n<p><em>\u201e\u0417\u0430\u0431\u043e\u0442\u0430 \u043d\u0430\u0447\u0438\u043d\u0430\u0435\u0442\u0441\u044f \u0441 \u0441\u0430\u043c\u043e\u043f\u043e\u0437\u043d\u0430\u043d\u0438\u044f \u0438 \u0432\u043d\u0443\u0442\u0440\u0435\u043d\u043d\u0435\u0439 \u0433\u0430\u0440\u043c\u043e\u043d\u0438\u0438. \u041f\u043e\u0434\u0430\u0440\u0438\u0442\u0435 \u0432\u043e\u0437\u043c\u043e\u0436\u043d\u043e\u0441\u0442\u044c \u043e\u0442\u043a\u0440\u044b\u0442\u044c \u0431\u043e\u043b\u044c\u0448\u0435.\u201c<\/em><\/p>","protected":false},"featured_media":3959,"comment_status":"closed","ping_status":"closed","template":"","meta":{"_uag_custom_page_level_css":"","site-sidebar-layout":"no-sidebar","site-content-layout":"page-builder","ast-site-content-layout":"full-width-container","site-content-style":"default","site-sidebar-style":"default","ast-global-header-display":"","ast-banner-title-visibility":"","ast-main-header-display":"","ast-hfb-above-header-display":"","ast-hfb-below-header-display":"","ast-hfb-mobile-header-display":"","site-post-title":"disabled","ast-breadcrumbs-content":"","ast-featured-img":"disabled","footer-sml-layout":"","theme-transparent-header-meta":"default","adv-header-id-meta":"","stick-header-meta":"","header-above-stick-meta":"","header-main-stick-meta":"","header-below-stick-meta":"","astra-migrate-meta-layouts":"set","ast-page-background-enabled":"default","ast-page-background-meta":{"desktop":{"background-color":"","background-image":"","background-repeat":"repeat","background-position":"center center","background-size":"auto","background-attachment":"scroll","background-type":"","background-media":"","overlay-type":"","overlay-color":"","overlay-opacity":"","overlay-gradient":""},"tablet":{"background-color":"","background-image":"","background-repeat":"repeat","background-position":"center center","background-size":"auto","background-attachment":"scroll","background-type":"","background-media":"","overlay-type":"","overlay-color":"","overlay-opacity":"","overlay-gradient":""},"mobile":{"background-color":"","background-image":"","background-repeat":"repeat","background-position":"center center","background-size":"auto","background-attachment":"scroll","background-type":"","background-media":"","overlay-type":"","overlay-color":"","overlay-opacity":"","overlay-gradient":""}},"ast-content-background-meta":{"desktop":{"background-color":"var(--ast-global-color-5)","background-image":"","background-repeat":"repeat","background-position":"center center","background-size":"auto","background-attachment":"scroll","background-type":"","background-media":"","overlay-type":"","overlay-color":"","overlay-opacity":"","overlay-gradient":""},"tablet":{"background-color":"var(--ast-global-color-5)","background-image":"","background-repeat":"repeat","background-position":"center center","background-size":"auto","background-attachment":"scroll","background-type":"","background-media":"","overlay-type":"","overlay-color":"","overlay-opacity":"","overlay-gradient":""},"mobile":{"background-color":"var(--ast-global-color-5)","background-image":"","background-repeat":"repeat","background-position":"center center","background-size":"auto","background-attachment":"scroll","background-type":"","background-media":"","overlay-type":"","overlay-color":"","overlay-opacity":"","overlay-gradient":""}}},"product_brand":[],"product_cat":[46],"product_tag":[],"class_list":{"0":"post-3394","1":"product","2":"type-product","3":"status-publish","4":"has-post-thumbnail","6":"product_cat-wps_wgm_giftcard","7":"desktop-align-left","8":"tablet-align-left","9":"mobile-align-left","11":"first","12":"instock","13":"shipping-taxable","14":"purchasable","15":"product-type-wgm_gift_card"},"uagb_featured_image_src":{"full":["https:\/\/agapovarita.com\/wp-content\/uploads\/2024\/11\/dovanu-kuponas-1.png",1154,860,false],"thumbnail":["https:\/\/agapovarita.com\/wp-content\/uploads\/2024\/11\/dovanu-kuponas-1-150x150.png",150,150,true],"medium":["https:\/\/agapovarita.com\/wp-content\/uploads\/2024\/11\/dovanu-kuponas-1-300x224.png",300,224,true],"medium_large":["https:\/\/agapovarita.com\/wp-content\/uploads\/2024\/11\/dovanu-kuponas-1-768x572.png",768,572,true],"large":["https:\/\/agapovarita.com\/wp-content\/uploads\/2024\/11\/dovanu-kuponas-1-1024x763.png",1024,763,true],"1536x1536":["https:\/\/agapovarita.com\/wp-content\/uploads\/2024\/11\/dovanu-kuponas-1.png",1154,860,false],"2048x2048":["https:\/\/agapovarita.com\/wp-content\/uploads\/2024\/11\/dovanu-kuponas-1.png",1154,860,false],"trp-custom-language-flag":["https:\/\/agapovarita.com\/wp-content\/uploads\/2024\/11\/dovanu-kuponas-1-16x12.png",16,12,true],"woocommerce_thumbnail":["https:\/\/agapovarita.com\/wp-content\/uploads\/2024\/11\/dovanu-kuponas-1-300x300.png",300,300,true],"woocommerce_single":["https:\/\/agapovarita.com\/wp-content\/uploads\/2024\/11\/dovanu-kuponas-1-600x447.png",600,447,true],"woocommerce_gallery_thumbnail":["https:\/\/agapovarita.com\/wp-content\/uploads\/2024\/11\/dovanu-kuponas-1-100x100.png",100,100,true]},"uagb_author_info":{"display_name":"Saule Aleksandraviciute","author_link":"https:\/\/agapovarita.com\/ru\/author\/"},"uagb_comment_info":0,"uagb_excerpt":"Padovanokite rupest\u012f ir ramyb\u0119 savo artimiesiems! \u0160id dovan\u0173 kuponas suteikia galimyb\u0119 pasinaudoti profesionaliomis konsultacijomis, skirtomis emocinei sveikatai stiprinti, sav\u0119s pa\u017einimui ir gyvenimo kokyb\u0117s gerinimui. Tai unikali dovana, skirta tiems, kuriems norite pad\u0117ti rasti vidin\u0119 pusiausvyr\u0105 ir stipryb\u0119. \u201eR\u016bpestis prasideda nuo sav\u0119s pa\u017einimo ir vidin\u0117s harmonijos. Dovanokite galimyb\u0119 atrasti daugiau.\"","_links":{"self":[{"href":"https:\/\/agapovarita.com\/ru\/wp-json\/wp\/v2\/product\/3394","targetHints":{"allow":["GET"]}}],"collection":[{"href":"https:\/\/agapovarita.com\/ru\/wp-json\/wp\/v2\/product"}],"about":[{"href":"https:\/\/agapovarita.com\/ru\/wp-json\/wp\/v2\/types\/product"}],"replies":[{"embeddable":true,"href":"https:\/\/agapovarita.com\/ru\/wp-json\/wp\/v2\/comments?post=3394"}],"version-history":[{"count":25,"href":"https:\/\/agapovarita.com\/ru\/wp-json\/wp\/v2\/product\/3394\/revisions"}],"predecessor-version":[{"id":5046,"href":"https:\/\/agapovarita.com\/ru\/wp-json\/wp\/v2\/product\/3394\/revisions\/5046"}],"wp:featuredmedia":[{"embeddable":true,"href":"https:\/\/agapovarita.com\/ru\/wp-json\/wp\/v2\/media\/3959"}],"wp:attachment":[{"href":"https:\/\/agapovarita.com\/ru\/wp-json\/wp\/v2\/media?parent=3394"}],"wp:term":[{"taxonomy":"product_brand","embeddable":true,"href":"https:\/\/agapovarita.com\/ru\/wp-json\/wp\/v2\/product_brand?post=3394"},{"taxonomy":"product_cat","embeddable":true,"href":"https:\/\/agapovarita.com\/ru\/wp-json\/wp\/v2\/product_cat?post=3394"},{"taxonomy":"product_tag","embeddable":true,"href":"https:\/\/agapovarita.com\/ru\/wp-json\/wp\/v2\/product_tag?post=3394"}],"curies":[{"name":"wp","href":"https:\/\/api.w.org\/{rel}","templated":true}]}}